{"id":87451,"date":"2023-07-17T15:30:45","date_gmt":"2023-07-17T12:30:45","guid":{"rendered":"https:\/\/exlibris.ee\/toode\/linie-1-intensivtrainer-a1\/"},"modified":"2026-04-12T11:19:50","modified_gmt":"2026-04-12T08:19:50","slug":"linie-1-intensivtrainer-a1","status":"publish","type":"product","link":"https:\/\/exlibris.ee\/en\/product\/linie-1-intensivtrainer-a1\/","title":{"rendered":"Linie 1, Intensivtrainer A1"},"content":{"rendered":"<p>Der Intensivtrainer enth\u00e4lt zu jedem Kapitel des Kurs- und \u00dcbungsbuches sechs Seiten mit zus\u00e4tzlichen \u00dcbungen zur selbstst\u00e4ndigen Festigung von Wortschatz und Grammatik und  zum Training der wichtigsten W\u00f6rter und Alltagsausdr\u00fccke aus dem Kapitel. Die Rubriken \u201eIhre W\u00f6rter und S\u00e4tze\u201c und \u201eIhr Text\u201c f\u00f6rdern die selbstst\u00e4ndige Spracherweiterung. Mit L\u00f6sungsschl\u00fcssel.<\/p>\n","protected":false},"excerpt":{"rendered":"<p>Der Intensivtrainer enth\u00e4lt zu jedem Kapitel des Kurs- und \u00dcbungsbuches sechs Seiten mit zus\u00e4tzlichen \u00dcbungen zur selbstst\u00e4ndigen Festigung von Wortschatz und Grammatik und zum Training der wichtigsten W\u00f6rter und Alltagsausdr\u00fccke aus dem Kapitel. Die Rubriken \u201eIhre W\u00f6rter und S\u00e4tze\u201c und&#8230;<\/p>\n","protected":false},"featured_media":218308,"template":"","meta":{"_acf_changed":false,"inline_featured_image":false},"product_brand":[],"product_cat":[538],"product_tag":[],"series":[{"id":914,"name":"Linie 1","slug":"linie-1"}],"publisher":[{"id":473,"name":"Klett Verlag","slug":"klett-verlag"}],"class_list":{"0":"post-87451","1":"product","2":"type-product","3":"status-publish","4":"has-post-thumbnail","6":"product_cat-lehrwerke-fur-erwachsene","7":"series-linie-1","8":"publisher-klett-verlag","10":"first","11":"onbackorder","12":"taxable","13":"shipping-taxable","14":"purchasable","15":"product-type-simple"},"acf":[],"_links":{"self":[{"href":"https:\/\/exlibris.ee\/en\/wp-json\/wp\/v2\/product\/87451","targetHints":{"allow":["GET"]}}],"collection":[{"href":"https:\/\/exlibris.ee\/en\/wp-json\/wp\/v2\/product"}],"about":[{"href":"https:\/\/exlibris.ee\/en\/wp-json\/wp\/v2\/types\/product"}],"wp:featuredmedia":[{"embeddable":true,"href":"https:\/\/exlibris.ee\/en\/wp-json\/wp\/v2\/media\/218308"}],"wp:attachment":[{"href":"https:\/\/exlibris.ee\/en\/wp-json\/wp\/v2\/media?parent=87451"}],"wp:term":[{"taxonomy":"product_brand","embeddable":true,"href":"https:\/\/exlibris.ee\/en\/wp-json\/wp\/v2\/product_brand?post=87451"},{"taxonomy":"product_cat","embeddable":true,"href":"https:\/\/exlibris.ee\/en\/wp-json\/wp\/v2\/product_cat?post=87451"},{"taxonomy":"product_tag","embeddable":true,"href":"https:\/\/exlibris.ee\/en\/wp-json\/wp\/v2\/product_tag?post=87451"},{"taxonomy":"series","embeddable":true,"href":"https:\/\/exlibris.ee\/en\/wp-json\/wp\/v2\/series?post=87451"},{"taxonomy":"publisher","embeddable":true,"href":"https:\/\/exlibris.ee\/en\/wp-json\/wp\/v2\/publisher?post=87451"}],"curies":[{"name":"wp","href":"https:\/\/api.w.org\/{rel}","templated":true}]}}