{"id":87454,"date":"2023-07-17T15:30:46","date_gmt":"2023-07-17T12:30:46","guid":{"rendered":"https:\/\/exlibris.ee\/toode\/linie-1-kurs-und-ubungsbuch-a2-1-mp3-videoclips\/"},"modified":"2026-04-13T05:20:07","modified_gmt":"2026-04-13T02:20:07","slug":"linie-1-kurs-und-ubungsbuch-a2-1-mp3-videoclips","status":"publish","type":"product","link":"https:\/\/exlibris.ee\/en\/product\/linie-1-kurs-und-ubungsbuch-a2-1-mp3-videoclips\/","title":{"rendered":"Linie 1, Kurs- und \u00dcbungsbuch A2.1 + MP3 + Videoclips"},"content":{"rendered":"<p>Linie 1 A2 richtet sich an Deutschlernende, die in Alltag und Beruf angemessen kommunizieren m\u00f6chten. Linie 1 zeichnet sich aus durch lineare Lernwege und ein breites Angebot an Differenzierungsm\u00f6glichkeiten f\u00fcr heterogene Lernergruppen. Durch regelm\u00e4\u00dfige Aktivierung und Individualisierung des Gelernten f\u00fchrt Linie 1 zu stetigen Erfolgserlebnissen und motiviert zum eigenen Sprachhandeln au\u00dferhalb des Sprachkurses. Das Lehrwerk ist zum Einsatz im Einstiegskurs und Integrationskurs geeignet und hat die BAMF-Zulassung. Alle Video-Clips, H\u00f6rtexte und Aussprache\u00fcbungen zum Kurs- und \u00dcbungsbuch von Linie 1 A2.1 sind online verf\u00fcgbar. In zwei Teilb\u00e4nden f\u00fchrt Linie 1 A2 zur Niveaustufe A2 und bereitet auf die Pr\u00fcfungen telc Deutsch A2 (Start Deutsch 2), Goethe-Zertifikat A2 und Deutsch-Test f\u00fcr Zuwanderer vor.<\/p>\n","protected":false},"excerpt":{"rendered":"<p>Linie 1 A2 richtet sich an Deutschlernende, die in Alltag und Beruf angemessen kommunizieren m\u00f6chten. Linie 1 zeichnet sich aus durch lineare Lernwege und ein breites Angebot an Differenzierungsm\u00f6glichkeiten f\u00fcr heterogene Lernergruppen. Durch regelm\u00e4\u00dfige Aktivierung und Individualisierung des Gelernten f\u00fchrt&#8230;<\/p>\n","protected":false},"featured_media":235023,"template":"","meta":{"_acf_changed":false,"inline_featured_image":false},"product_brand":[],"product_cat":[538],"product_tag":[],"series":[{"id":914,"name":"Linie 1","slug":"linie-1"}],"publisher":[{"id":473,"name":"Klett Verlag","slug":"klett-verlag"}],"class_list":{"0":"post-87454","1":"product","2":"type-product","3":"status-publish","4":"has-post-thumbnail","6":"product_cat-lehrwerke-fur-erwachsene","7":"series-linie-1","8":"publisher-klett-verlag","10":"first","11":"onbackorder","12":"taxable","13":"shipping-taxable","14":"purchasable","15":"product-type-simple"},"acf":[],"_links":{"self":[{"href":"https:\/\/exlibris.ee\/en\/wp-json\/wp\/v2\/product\/87454","targetHints":{"allow":["GET"]}}],"collection":[{"href":"https:\/\/exlibris.ee\/en\/wp-json\/wp\/v2\/product"}],"about":[{"href":"https:\/\/exlibris.ee\/en\/wp-json\/wp\/v2\/types\/product"}],"wp:featuredmedia":[{"embeddable":true,"href":"https:\/\/exlibris.ee\/en\/wp-json\/wp\/v2\/media\/235023"}],"wp:attachment":[{"href":"https:\/\/exlibris.ee\/en\/wp-json\/wp\/v2\/media?parent=87454"}],"wp:term":[{"taxonomy":"product_brand","embeddable":true,"href":"https:\/\/exlibris.ee\/en\/wp-json\/wp\/v2\/product_brand?post=87454"},{"taxonomy":"product_cat","embeddable":true,"href":"https:\/\/exlibris.ee\/en\/wp-json\/wp\/v2\/product_cat?post=87454"},{"taxonomy":"product_tag","embeddable":true,"href":"https:\/\/exlibris.ee\/en\/wp-json\/wp\/v2\/product_tag?post=87454"},{"taxonomy":"series","embeddable":true,"href":"https:\/\/exlibris.ee\/en\/wp-json\/wp\/v2\/series?post=87454"},{"taxonomy":"publisher","embeddable":true,"href":"https:\/\/exlibris.ee\/en\/wp-json\/wp\/v2\/publisher?post=87454"}],"curies":[{"name":"wp","href":"https:\/\/api.w.org\/{rel}","templated":true}]}}