{"id":87457,"date":"2023-07-17T15:30:46","date_gmt":"2023-07-17T12:30:46","guid":{"rendered":"https:\/\/exlibris.ee\/toode\/linie-1-cds-a2-2\/"},"modified":"2026-04-07T21:16:09","modified_gmt":"2026-04-07T18:16:09","slug":"linie-1-cds-a2-2","status":"publish","type":"product","link":"https:\/\/exlibris.ee\/en\/product\/linie-1-cds-a2-2\/","title":{"rendered":"Linie 1, CDs A2.2"},"content":{"rendered":"<p>Alle H\u00f6rtexte und Aussprache\u00fcbungen zum Kurs- und \u00dcbungsbuch A2 Teil 2. Hinweis: Die Inhalte sind identisch mit den MP3-H\u00f6rtexten auf der DVD-ROM, die dem Kurs- und \u00dcbungsbuch beiliegt.<\/p>\n","protected":false},"excerpt":{"rendered":"<p>Alle H\u00f6rtexte und Aussprache\u00fcbungen zum Kurs- und \u00dcbungsbuch A2 Teil 2. Hinweis: Die Inhalte sind identisch mit den MP3-H\u00f6rtexten auf der DVD-ROM, die dem Kurs- und \u00dcbungsbuch beiliegt.<\/p>\n","protected":false},"featured_media":87278,"template":"","meta":{"_acf_changed":false,"inline_featured_image":false},"product_brand":[],"product_cat":[538],"product_tag":[],"series":[{"id":914,"name":"Linie 1","slug":"linie-1"}],"publisher":[{"id":473,"name":"Klett Verlag","slug":"klett-verlag"}],"class_list":{"0":"post-87457","1":"product","2":"type-product","3":"status-publish","4":"has-post-thumbnail","6":"product_cat-lehrwerke-fur-erwachsene","7":"series-linie-1","8":"publisher-klett-verlag","10":"first","11":"onbackorder","12":"taxable","13":"shipping-taxable","14":"purchasable","15":"product-type-simple"},"acf":[],"_links":{"self":[{"href":"https:\/\/exlibris.ee\/en\/wp-json\/wp\/v2\/product\/87457","targetHints":{"allow":["GET"]}}],"collection":[{"href":"https:\/\/exlibris.ee\/en\/wp-json\/wp\/v2\/product"}],"about":[{"href":"https:\/\/exlibris.ee\/en\/wp-json\/wp\/v2\/types\/product"}],"wp:featuredmedia":[{"embeddable":true,"href":"https:\/\/exlibris.ee\/en\/wp-json\/wp\/v2\/media\/87278"}],"wp:attachment":[{"href":"https:\/\/exlibris.ee\/en\/wp-json\/wp\/v2\/media?parent=87457"}],"wp:term":[{"taxonomy":"product_brand","embeddable":true,"href":"https:\/\/exlibris.ee\/en\/wp-json\/wp\/v2\/product_brand?post=87457"},{"taxonomy":"product_cat","embeddable":true,"href":"https:\/\/exlibris.ee\/en\/wp-json\/wp\/v2\/product_cat?post=87457"},{"taxonomy":"product_tag","embeddable":true,"href":"https:\/\/exlibris.ee\/en\/wp-json\/wp\/v2\/product_tag?post=87457"},{"taxonomy":"series","embeddable":true,"href":"https:\/\/exlibris.ee\/en\/wp-json\/wp\/v2\/series?post=87457"},{"taxonomy":"publisher","embeddable":true,"href":"https:\/\/exlibris.ee\/en\/wp-json\/wp\/v2\/publisher?post=87457"}],"curies":[{"name":"wp","href":"https:\/\/api.w.org\/{rel}","templated":true}]}}