{"id":87462,"date":"2023-07-17T15:30:46","date_gmt":"2023-07-17T12:30:46","guid":{"rendered":"https:\/\/exlibris.ee\/toode\/linie-1-a2-testheft\/"},"modified":"2026-04-18T15:22:39","modified_gmt":"2026-04-18T12:22:39","slug":"linie-1-a2-testheft","status":"publish","type":"product","link":"https:\/\/exlibris.ee\/en\/product\/linie-1-a2-testheft\/","title":{"rendered":"Linie 1, A2, Testheft"},"content":{"rendered":"<p>Das Testheft enth\u00e4lt Tests zu jedem Kapitel des Kurs- und \u00dcbungsbuchs Linie 1 A2. Es bereitet auf die Pr\u00fcfungen Deutsch-Test f\u00fcr Zuwanderer, telc Deutsch A2 (Start Deutsch 2) und Goethe-Zertifikat A2 vor. Mit Audio-CD.<\/p>\n","protected":false},"excerpt":{"rendered":"<p>Das Testheft enth\u00e4lt Tests zu jedem Kapitel des Kurs- und \u00dcbungsbuchs Linie 1 A2. Es bereitet auf die Pr\u00fcfungen Deutsch-Test f\u00fcr Zuwanderer, telc Deutsch A2 (Start Deutsch 2) und Goethe-Zertifikat A2 vor. Mit Audio-CD.<\/p>\n","protected":false},"featured_media":337181,"template":"","meta":{"_acf_changed":false,"inline_featured_image":false},"product_brand":[],"product_cat":[538],"product_tag":[],"series":[{"id":914,"name":"Linie 1","slug":"linie-1"}],"publisher":[{"id":473,"name":"Klett Verlag","slug":"klett-verlag"}],"class_list":{"0":"post-87462","1":"product","2":"type-product","3":"status-publish","4":"has-post-thumbnail","6":"product_cat-lehrwerke-fur-erwachsene","7":"series-linie-1","8":"publisher-klett-verlag","10":"first","11":"onbackorder","12":"taxable","13":"shipping-taxable","14":"purchasable","15":"product-type-simple"},"acf":[],"_links":{"self":[{"href":"https:\/\/exlibris.ee\/en\/wp-json\/wp\/v2\/product\/87462","targetHints":{"allow":["GET"]}}],"collection":[{"href":"https:\/\/exlibris.ee\/en\/wp-json\/wp\/v2\/product"}],"about":[{"href":"https:\/\/exlibris.ee\/en\/wp-json\/wp\/v2\/types\/product"}],"wp:featuredmedia":[{"embeddable":true,"href":"https:\/\/exlibris.ee\/en\/wp-json\/wp\/v2\/media\/337181"}],"wp:attachment":[{"href":"https:\/\/exlibris.ee\/en\/wp-json\/wp\/v2\/media?parent=87462"}],"wp:term":[{"taxonomy":"product_brand","embeddable":true,"href":"https:\/\/exlibris.ee\/en\/wp-json\/wp\/v2\/product_brand?post=87462"},{"taxonomy":"product_cat","embeddable":true,"href":"https:\/\/exlibris.ee\/en\/wp-json\/wp\/v2\/product_cat?post=87462"},{"taxonomy":"product_tag","embeddable":true,"href":"https:\/\/exlibris.ee\/en\/wp-json\/wp\/v2\/product_tag?post=87462"},{"taxonomy":"series","embeddable":true,"href":"https:\/\/exlibris.ee\/en\/wp-json\/wp\/v2\/series?post=87462"},{"taxonomy":"publisher","embeddable":true,"href":"https:\/\/exlibris.ee\/en\/wp-json\/wp\/v2\/publisher?post=87462"}],"curies":[{"name":"wp","href":"https:\/\/api.w.org\/{rel}","templated":true}]}}