{"id":87475,"date":"2023-07-17T15:30:48","date_gmt":"2023-07-17T12:30:48","guid":{"rendered":"https:\/\/exlibris.ee\/toode\/linie-1-kurs-und-ubungsbuch-b2-1-bruckenkurs\/"},"modified":"2026-04-10T03:19:55","modified_gmt":"2026-04-10T00:19:55","slug":"linie-1-kurs-und-ubungsbuch-b2-1-bruckenkurs","status":"publish","type":"product","link":"https:\/\/exlibris.ee\/en\/product\/linie-1-kurs-und-ubungsbuch-b2-1-bruckenkurs\/","title":{"rendered":"Linie 1, Kurs- und \u00dcbungsbuch B2.1 Br\u00fcckenkurs"},"content":{"rendered":"<p>Der Teilband B1+\/B2.1 wiederholt B1-Inhalte und schafft einen sanften \u00dcbergang zu B2: Linie 1 B2 ist auf die Bed\u00fcrfnisse der Lernenden abgestimmt Schnell fit f\u00fcr Alltags- und Berufsleben Sprachhandeln als erstes Ziel Erfolgserlebnisse f\u00f6rdern Linie 1 B2 vernetzt die Buchinhalte mit neuen Medien Mit motivierenden Video-Clips und umfangreichem Audio-Material Lehrwerk digital mit interaktiven PDFs und Tafelbildern Online-\u00dcbungen zum abwechslungsreichen Vertiefen und Festigen Linie 1 B2 eignet sich f\u00fcr jugendliche und erwachsene Lernende und richtet den Fokus verst\u00e4rkt auf den beruflichen Aspekt F\u00fchrt aktiv und sicher zum Niveau B2 Bereitet auf die Pr\u00fcfungen telc Deutsch B1 \u00b7 B2 Beruf und telc Deutsch B2 vor Alle Audios und Videos k\u00f6nnen online kostenlos abgerufen werden und stehen zum Download zur Verf\u00fcgung (Code im Buch).<\/p>\n","protected":false},"excerpt":{"rendered":"<p>Der Teilband B1+\/B2.1 wiederholt B1-Inhalte und schafft einen sanften \u00dcbergang zu B2: Linie 1 B2 ist auf die Bed\u00fcrfnisse der Lernenden abgestimmt Schnell fit f\u00fcr Alltags- und Berufsleben Sprachhandeln als erstes Ziel Erfolgserlebnisse f\u00f6rdern Linie 1 B2 vernetzt die Buchinhalte&#8230;<\/p>\n","protected":false},"featured_media":87335,"template":"","meta":{"_acf_changed":false,"inline_featured_image":false},"product_brand":[],"product_cat":[538],"product_tag":[],"series":[{"id":914,"name":"Linie 1","slug":"linie-1"}],"publisher":[{"id":473,"name":"Klett Verlag","slug":"klett-verlag"}],"class_list":{"0":"post-87475","1":"product","2":"type-product","3":"status-publish","4":"has-post-thumbnail","6":"product_cat-lehrwerke-fur-erwachsene","7":"series-linie-1","8":"publisher-klett-verlag","10":"first","11":"onbackorder","12":"taxable","13":"shipping-taxable","14":"purchasable","15":"product-type-simple"},"acf":[],"_links":{"self":[{"href":"https:\/\/exlibris.ee\/en\/wp-json\/wp\/v2\/product\/87475","targetHints":{"allow":["GET"]}}],"collection":[{"href":"https:\/\/exlibris.ee\/en\/wp-json\/wp\/v2\/product"}],"about":[{"href":"https:\/\/exlibris.ee\/en\/wp-json\/wp\/v2\/types\/product"}],"wp:featuredmedia":[{"embeddable":true,"href":"https:\/\/exlibris.ee\/en\/wp-json\/wp\/v2\/media\/87335"}],"wp:attachment":[{"href":"https:\/\/exlibris.ee\/en\/wp-json\/wp\/v2\/media?parent=87475"}],"wp:term":[{"taxonomy":"product_brand","embeddable":true,"href":"https:\/\/exlibris.ee\/en\/wp-json\/wp\/v2\/product_brand?post=87475"},{"taxonomy":"product_cat","embeddable":true,"href":"https:\/\/exlibris.ee\/en\/wp-json\/wp\/v2\/product_cat?post=87475"},{"taxonomy":"product_tag","embeddable":true,"href":"https:\/\/exlibris.ee\/en\/wp-json\/wp\/v2\/product_tag?post=87475"},{"taxonomy":"series","embeddable":true,"href":"https:\/\/exlibris.ee\/en\/wp-json\/wp\/v2\/series?post=87475"},{"taxonomy":"publisher","embeddable":true,"href":"https:\/\/exlibris.ee\/en\/wp-json\/wp\/v2\/publisher?post=87475"}],"curies":[{"name":"wp","href":"https:\/\/api.w.org\/{rel}","templated":true}]}}