{"id":87481,"date":"2023-07-17T15:30:48","date_gmt":"2023-07-17T12:30:48","guid":{"rendered":"https:\/\/exlibris.ee\/toode\/linie-1-pflege-medienpaket-4-audio-cds\/"},"modified":"2026-04-26T11:23:27","modified_gmt":"2026-04-26T08:23:27","slug":"linie-1-pflege-medienpaket-4-audio-cds","status":"publish","type":"product","link":"https:\/\/exlibris.ee\/en\/product\/linie-1-pflege-medienpaket-4-audio-cds\/","title":{"rendered":"Linie 1 Pflege Medienpaket (4 Audio-CDs)"},"content":{"rendered":"<p>Die 4 Audio-CDs enthalten alle Audios aus dem Kurs- und \u00dcbungsbuch zu Linie 1 Pflege B2. Das Kurs- und \u00dcbungsbuch bereitet auf die T\u00e4tigkeiten von Pflegekr\u00e4ften und Pflegefachkr\u00e4ften in Krankenhaus, Pflegeheim und ambulanter Pflege vor. Anhand von Szenarios und zahlreichen Fallbeispielen erlangen die Lernenden ihre sprachliche Handlungsf\u00e4higkeit in diesem Berufsfeld. Es enth\u00e4lt auch relevante interkulturelle Informationen.<\/p>\n","protected":false},"excerpt":{"rendered":"<p>Die 4 Audio-CDs enthalten alle Audios aus dem Kurs- und \u00dcbungsbuch zu Linie 1 Pflege B2. Das Kurs- und \u00dcbungsbuch bereitet auf die T\u00e4tigkeiten von Pflegekr\u00e4ften und Pflegefachkr\u00e4ften in Krankenhaus, Pflegeheim und ambulanter Pflege vor. Anhand von Szenarios und zahlreichen&#8230;<\/p>\n","protected":false},"featured_media":489559,"template":"","meta":{"_acf_changed":false,"inline_featured_image":false},"product_brand":[],"product_cat":[538],"product_tag":[],"series":[{"id":914,"name":"Linie 1","slug":"linie-1"}],"publisher":[{"id":473,"name":"Klett Verlag","slug":"klett-verlag"}],"class_list":{"0":"post-87481","1":"product","2":"type-product","3":"status-publish","4":"has-post-thumbnail","6":"product_cat-lehrwerke-fur-erwachsene","7":"series-linie-1","8":"publisher-klett-verlag","10":"first","11":"onbackorder","12":"taxable","13":"shipping-taxable","14":"purchasable","15":"product-type-simple"},"acf":[],"_links":{"self":[{"href":"https:\/\/exlibris.ee\/en\/wp-json\/wp\/v2\/product\/87481","targetHints":{"allow":["GET"]}}],"collection":[{"href":"https:\/\/exlibris.ee\/en\/wp-json\/wp\/v2\/product"}],"about":[{"href":"https:\/\/exlibris.ee\/en\/wp-json\/wp\/v2\/types\/product"}],"wp:featuredmedia":[{"embeddable":true,"href":"https:\/\/exlibris.ee\/en\/wp-json\/wp\/v2\/media\/489559"}],"wp:attachment":[{"href":"https:\/\/exlibris.ee\/en\/wp-json\/wp\/v2\/media?parent=87481"}],"wp:term":[{"taxonomy":"product_brand","embeddable":true,"href":"https:\/\/exlibris.ee\/en\/wp-json\/wp\/v2\/product_brand?post=87481"},{"taxonomy":"product_cat","embeddable":true,"href":"https:\/\/exlibris.ee\/en\/wp-json\/wp\/v2\/product_cat?post=87481"},{"taxonomy":"product_tag","embeddable":true,"href":"https:\/\/exlibris.ee\/en\/wp-json\/wp\/v2\/product_tag?post=87481"},{"taxonomy":"series","embeddable":true,"href":"https:\/\/exlibris.ee\/en\/wp-json\/wp\/v2\/series?post=87481"},{"taxonomy":"publisher","embeddable":true,"href":"https:\/\/exlibris.ee\/en\/wp-json\/wp\/v2\/publisher?post=87481"}],"curies":[{"name":"wp","href":"https:\/\/api.w.org\/{rel}","templated":true}]}}