{"id":87482,"date":"2023-07-17T15:30:48","date_gmt":"2023-07-17T12:30:48","guid":{"rendered":"https:\/\/exlibris.ee\/toode\/linie-1-beruf-a2-kurs-und-ubungsbuch\/"},"modified":"2026-05-01T13:35:03","modified_gmt":"2026-05-01T10:35:03","slug":"linie-1-beruf-a2-kurs-und-ubungsbuch","status":"publish","type":"product","link":"https:\/\/exlibris.ee\/en\/product\/linie-1-beruf-a2-kurs-und-ubungsbuch\/","title":{"rendered":"Linie 1, Beruf A2 Kurs- und \u00dcbungsbuch"},"content":{"rendered":"<p>Linie 1 A2 Beruf bietet gezieltes Training berufs\u00fcbergreifender Fertigkeiten und Kompetenzen f\u00fcr die Arbeitswelt trainiert sprachliches Handeln im Beruf mithilfe von alltagsnahen Szenarien umfasst ausgew\u00e4hlte Berufsfelder vom produzierenden Gewerbe bis zu Dienstleistungsberufen vermittelt beruflich relevante Redemittel und Wortschatz unterst\u00fctzt den Lernprozess durch Strategietraining Neu bereitet mit Modelltest und Testtraining auf die Pr\u00fcfung Deutsch-Test f\u00fcr den Beruf A2 vor.<\/p>\n","protected":false},"excerpt":{"rendered":"<p>Linie 1 A2 Beruf bietet gezieltes Training berufs\u00fcbergreifender Fertigkeiten und Kompetenzen f\u00fcr die Arbeitswelt trainiert sprachliches Handeln im Beruf mithilfe von alltagsnahen Szenarien umfasst ausgew\u00e4hlte Berufsfelder vom produzierenden Gewerbe bis zu Dienstleistungsberufen vermittelt beruflich relevante Redemittel und Wortschatz unterst\u00fctzt den&#8230;<\/p>\n","protected":false},"featured_media":590792,"template":"","meta":{"_acf_changed":false,"inline_featured_image":false},"product_brand":[],"product_cat":[538],"product_tag":[],"series":[{"id":915,"name":"Linie 1 Beruf","slug":"linie-1-beruf"}],"publisher":[{"id":473,"name":"Klett Verlag","slug":"klett-verlag"}],"class_list":{"0":"post-87482","1":"product","2":"type-product","3":"status-publish","4":"has-post-thumbnail","6":"product_cat-lehrwerke-fur-erwachsene","7":"series-linie-1-beruf","8":"publisher-klett-verlag","10":"first","11":"onbackorder","12":"taxable","13":"shipping-taxable","14":"purchasable","15":"product-type-simple"},"acf":[],"_links":{"self":[{"href":"https:\/\/exlibris.ee\/en\/wp-json\/wp\/v2\/product\/87482","targetHints":{"allow":["GET"]}}],"collection":[{"href":"https:\/\/exlibris.ee\/en\/wp-json\/wp\/v2\/product"}],"about":[{"href":"https:\/\/exlibris.ee\/en\/wp-json\/wp\/v2\/types\/product"}],"wp:featuredmedia":[{"embeddable":true,"href":"https:\/\/exlibris.ee\/en\/wp-json\/wp\/v2\/media\/590792"}],"wp:attachment":[{"href":"https:\/\/exlibris.ee\/en\/wp-json\/wp\/v2\/media?parent=87482"}],"wp:term":[{"taxonomy":"product_brand","embeddable":true,"href":"https:\/\/exlibris.ee\/en\/wp-json\/wp\/v2\/product_brand?post=87482"},{"taxonomy":"product_cat","embeddable":true,"href":"https:\/\/exlibris.ee\/en\/wp-json\/wp\/v2\/product_cat?post=87482"},{"taxonomy":"product_tag","embeddable":true,"href":"https:\/\/exlibris.ee\/en\/wp-json\/wp\/v2\/product_tag?post=87482"},{"taxonomy":"series","embeddable":true,"href":"https:\/\/exlibris.ee\/en\/wp-json\/wp\/v2\/series?post=87482"},{"taxonomy":"publisher","embeddable":true,"href":"https:\/\/exlibris.ee\/en\/wp-json\/wp\/v2\/publisher?post=87482"}],"curies":[{"name":"wp","href":"https:\/\/api.w.org\/{rel}","templated":true}]}}