{"id":87485,"date":"2023-07-17T15:30:49","date_gmt":"2023-07-17T12:30:49","guid":{"rendered":"https:\/\/exlibris.ee\/toode\/linie-1-b2-fur-bsk-mit-dtb-it\/"},"modified":"2026-04-04T21:14:18","modified_gmt":"2026-04-04T18:14:18","slug":"linie-1-b2-fur-bsk-mit-dtb-it","status":"publish","type":"product","link":"https:\/\/exlibris.ee\/en\/product\/linie-1-b2-fur-bsk-mit-dtb-it\/","title":{"rendered":"Linie 1 B2 f\u00fcr BSK mit DTB IT"},"content":{"rendered":"<p>Intensivtrainer zur Festigung von Wortschatz und Grammatik passend zum Kurs- und \u00dcbungsbuch f\u00fcr das Basismodul B2 im Rahmen der bundesweiten berufsbezogenen Deutschsprachf\u00f6rderung.<\/p>\n","protected":false},"excerpt":{"rendered":"<p>Intensivtrainer zur Festigung von Wortschatz und Grammatik passend zum Kurs- und \u00dcbungsbuch f\u00fcr das Basismodul B2 im Rahmen der bundesweiten berufsbezogenen Deutschsprachf\u00f6rderung.<\/p>\n","protected":false},"featured_media":87374,"template":"","meta":{"_acf_changed":false,"inline_featured_image":false},"product_brand":[],"product_cat":[538],"product_tag":[],"series":[{"id":915,"name":"Linie 1 Beruf","slug":"linie-1-beruf"}],"publisher":[{"id":473,"name":"Klett Verlag","slug":"klett-verlag"}],"class_list":{"0":"post-87485","1":"product","2":"type-product","3":"status-publish","4":"has-post-thumbnail","6":"product_cat-lehrwerke-fur-erwachsene","7":"series-linie-1-beruf","8":"publisher-klett-verlag","10":"first","11":"onbackorder","12":"taxable","13":"shipping-taxable","14":"purchasable","15":"product-type-simple"},"acf":[],"_links":{"self":[{"href":"https:\/\/exlibris.ee\/en\/wp-json\/wp\/v2\/product\/87485","targetHints":{"allow":["GET"]}}],"collection":[{"href":"https:\/\/exlibris.ee\/en\/wp-json\/wp\/v2\/product"}],"about":[{"href":"https:\/\/exlibris.ee\/en\/wp-json\/wp\/v2\/types\/product"}],"wp:featuredmedia":[{"embeddable":true,"href":"https:\/\/exlibris.ee\/en\/wp-json\/wp\/v2\/media\/87374"}],"wp:attachment":[{"href":"https:\/\/exlibris.ee\/en\/wp-json\/wp\/v2\/media?parent=87485"}],"wp:term":[{"taxonomy":"product_brand","embeddable":true,"href":"https:\/\/exlibris.ee\/en\/wp-json\/wp\/v2\/product_brand?post=87485"},{"taxonomy":"product_cat","embeddable":true,"href":"https:\/\/exlibris.ee\/en\/wp-json\/wp\/v2\/product_cat?post=87485"},{"taxonomy":"product_tag","embeddable":true,"href":"https:\/\/exlibris.ee\/en\/wp-json\/wp\/v2\/product_tag?post=87485"},{"taxonomy":"series","embeddable":true,"href":"https:\/\/exlibris.ee\/en\/wp-json\/wp\/v2\/series?post=87485"},{"taxonomy":"publisher","embeddable":true,"href":"https:\/\/exlibris.ee\/en\/wp-json\/wp\/v2\/publisher?post=87485"}],"curies":[{"name":"wp","href":"https:\/\/api.w.org\/{rel}","templated":true}]}}