{"id":87495,"date":"2023-07-17T15:30:50","date_gmt":"2023-07-17T12:30:50","guid":{"rendered":"https:\/\/exlibris.ee\/toode\/die-neue-linie-1-a1-testheft\/"},"modified":"2026-04-13T05:21:25","modified_gmt":"2026-04-13T02:21:25","slug":"die-neue-linie-1-a1-testheft","status":"publish","type":"product","link":"https:\/\/exlibris.ee\/en\/product\/die-neue-linie-1-a1-testheft\/","title":{"rendered":"Die neue Linie 1 A1 Testheft"},"content":{"rendered":"<p>Vier Seiten Lernfortschrittstest zu jedem Kapitel des Kurs- und \u00dcbungsbuchs Training zu Wortschatz, Grammatik, H\u00f6rverstehen und Redemitteln Testaufgaben zu den Fertigkeiten H\u00f6ren, Lesen, Schreiben und Sprechen im Pr\u00fcfungsformat Vorbereitung auf die Pr\u00fcfungen telc Deutsch A1 (Start Deutsch 1) und Goethe-Zertifikat A1 L\u00f6sungsschl\u00fcssel zur Selbstkontrolle.<\/p>\n","protected":false},"excerpt":{"rendered":"<p>Vier Seiten Lernfortschrittstest zu jedem Kapitel des Kurs- und \u00dcbungsbuchs Training zu Wortschatz, Grammatik, H\u00f6rverstehen und Redemitteln Testaufgaben zu den Fertigkeiten H\u00f6ren, Lesen, Schreiben und Sprechen im Pr\u00fcfungsformat Vorbereitung auf die Pr\u00fcfungen telc Deutsch A1 (Start Deutsch 1) und Goethe-Zertifikat&#8230;<\/p>\n","protected":false},"featured_media":235100,"template":"","meta":{"_acf_changed":false,"inline_featured_image":false},"product_brand":[],"product_cat":[538],"product_tag":[],"series":[{"id":1389,"name":"Die neue Linie 1","slug":"die-neue-linie-1"}],"publisher":[{"id":473,"name":"Klett Verlag","slug":"klett-verlag"}],"class_list":{"0":"post-87495","1":"product","2":"type-product","3":"status-publish","4":"has-post-thumbnail","6":"product_cat-lehrwerke-fur-erwachsene","7":"series-die-neue-linie-1","8":"publisher-klett-verlag","10":"first","11":"onbackorder","12":"taxable","13":"shipping-taxable","14":"purchasable","15":"product-type-simple"},"acf":[],"_links":{"self":[{"href":"https:\/\/exlibris.ee\/en\/wp-json\/wp\/v2\/product\/87495","targetHints":{"allow":["GET"]}}],"collection":[{"href":"https:\/\/exlibris.ee\/en\/wp-json\/wp\/v2\/product"}],"about":[{"href":"https:\/\/exlibris.ee\/en\/wp-json\/wp\/v2\/types\/product"}],"wp:featuredmedia":[{"embeddable":true,"href":"https:\/\/exlibris.ee\/en\/wp-json\/wp\/v2\/media\/235100"}],"wp:attachment":[{"href":"https:\/\/exlibris.ee\/en\/wp-json\/wp\/v2\/media?parent=87495"}],"wp:term":[{"taxonomy":"product_brand","embeddable":true,"href":"https:\/\/exlibris.ee\/en\/wp-json\/wp\/v2\/product_brand?post=87495"},{"taxonomy":"product_cat","embeddable":true,"href":"https:\/\/exlibris.ee\/en\/wp-json\/wp\/v2\/product_cat?post=87495"},{"taxonomy":"product_tag","embeddable":true,"href":"https:\/\/exlibris.ee\/en\/wp-json\/wp\/v2\/product_tag?post=87495"},{"taxonomy":"series","embeddable":true,"href":"https:\/\/exlibris.ee\/en\/wp-json\/wp\/v2\/series?post=87495"},{"taxonomy":"publisher","embeddable":true,"href":"https:\/\/exlibris.ee\/en\/wp-json\/wp\/v2\/publisher?post=87495"}],"curies":[{"name":"wp","href":"https:\/\/api.w.org\/{rel}","templated":true}]}}