{"id":87671,"date":"2023-07-17T15:32:01","date_gmt":"2023-07-17T12:32:01","guid":{"rendered":"https:\/\/exlibris.ee\/toode\/aussichten-intensivtrainer-b1\/"},"modified":"2026-04-12T11:24:10","modified_gmt":"2026-04-12T08:24:10","slug":"aussichten-intensivtrainer-b1","status":"publish","type":"product","link":"https:\/\/exlibris.ee\/en\/product\/aussichten-intensivtrainer-b1\/","title":{"rendered":"Aussichten, Intensivtrainer B1"},"content":{"rendered":"<p>Kurs- und Selbstlernmaterial Erg\u00e4nzt das Lehrwerk Aussichten, ist aber auch unabh\u00e4ngig davon einsetzbar Enth\u00e4lt abwechslungsreiche, differenzierende \u00dcbungen zum Vertiefen und Wiederholen Bietet pro Lektion 10 Seiten \u00dcbungen in den Bereichen Grammatik, Wortschatz, Rechtschreibung sowie kombinierte Lese- und Schreibaufgaben Ist f\u00fcr unterschiedliche Lernertypen geeignet.<\/p>\n","protected":false},"excerpt":{"rendered":"<p>Kurs- und Selbstlernmaterial Erg\u00e4nzt das Lehrwerk Aussichten, ist aber auch unabh\u00e4ngig davon einsetzbar Enth\u00e4lt abwechslungsreiche, differenzierende \u00dcbungen zum Vertiefen und Wiederholen Bietet pro Lektion 10 Seiten \u00dcbungen in den Bereichen Grammatik, Wortschatz, Rechtschreibung sowie kombinierte Lese- und Schreibaufgaben Ist f\u00fcr&#8230;<\/p>\n","protected":false},"featured_media":218723,"template":"","meta":{"_acf_changed":false,"inline_featured_image":false},"product_brand":[],"product_cat":[538],"product_tag":[],"series":[{"id":936,"name":"Aussichten","slug":"aussichten"}],"publisher":[{"id":473,"name":"Klett Verlag","slug":"klett-verlag"}],"class_list":{"0":"post-87671","1":"product","2":"type-product","3":"status-publish","4":"has-post-thumbnail","6":"product_cat-lehrwerke-fur-erwachsene","7":"series-aussichten","8":"publisher-klett-verlag","10":"first","11":"onbackorder","12":"taxable","13":"shipping-taxable","14":"purchasable","15":"product-type-simple"},"acf":[],"_links":{"self":[{"href":"https:\/\/exlibris.ee\/en\/wp-json\/wp\/v2\/product\/87671","targetHints":{"allow":["GET"]}}],"collection":[{"href":"https:\/\/exlibris.ee\/en\/wp-json\/wp\/v2\/product"}],"about":[{"href":"https:\/\/exlibris.ee\/en\/wp-json\/wp\/v2\/types\/product"}],"wp:featuredmedia":[{"embeddable":true,"href":"https:\/\/exlibris.ee\/en\/wp-json\/wp\/v2\/media\/218723"}],"wp:attachment":[{"href":"https:\/\/exlibris.ee\/en\/wp-json\/wp\/v2\/media?parent=87671"}],"wp:term":[{"taxonomy":"product_brand","embeddable":true,"href":"https:\/\/exlibris.ee\/en\/wp-json\/wp\/v2\/product_brand?post=87671"},{"taxonomy":"product_cat","embeddable":true,"href":"https:\/\/exlibris.ee\/en\/wp-json\/wp\/v2\/product_cat?post=87671"},{"taxonomy":"product_tag","embeddable":true,"href":"https:\/\/exlibris.ee\/en\/wp-json\/wp\/v2\/product_tag?post=87671"},{"taxonomy":"series","embeddable":true,"href":"https:\/\/exlibris.ee\/en\/wp-json\/wp\/v2\/series?post=87671"},{"taxonomy":"publisher","embeddable":true,"href":"https:\/\/exlibris.ee\/en\/wp-json\/wp\/v2\/publisher?post=87671"}],"curies":[{"name":"wp","href":"https:\/\/api.w.org\/{rel}","templated":true}]}}