{"id":87674,"date":"2023-07-17T15:32:01","date_gmt":"2023-07-17T12:32:01","guid":{"rendered":"https:\/\/exlibris.ee\/toode\/daf-leicht-kurs-ubgsb-b1-2-dvd-r\/"},"modified":"2026-04-12T11:24:10","modified_gmt":"2026-04-12T08:24:10","slug":"daf-leicht-kurs-ubgsb-b1-2-dvd-r","status":"publish","type":"product","link":"https:\/\/exlibris.ee\/en\/product\/daf-leicht-kurs-ubgsb-b1-2-dvd-r\/","title":{"rendered":"DaF leicht, Kurs-\/\u00dcbgsb. B1.2 +DVD-R"},"content":{"rendered":"<p>Das 6-b\u00e4ndige Lehrwerk f\u00fcr erwachsene Lernende von A1 bis B1 leicht unterrichten! klarer und \u00fcbersichtlicher Aufbau 1 Doppelseite = 2 Unterrichtseinheiten integrierte Unterrichtshinweise \u279c aufschlagen und loslegen! leicht lernen! Fokus auf das Wesentliche kleine kommunikative Einheiten markante Visualisierungen \u279c clever und unbeschwert lernen! \u00fcberraschend leicht! modernes, magazinartiges Layout originelle Zug\u00e4nge zu landeskundlichen Themen Grammatikvermittlung spielerisch, rhythmisch und animiert Grammatik-Clips: Strukturen sehen und verstehen Alle Audios und Filme sind auf der im Kurs- und \u00dcbungsbuch integrierten DVD-ROM, im separaten Medienpaket oder kostenlos online erh\u00e4ltlich.&#8221;<\/p>\n","protected":false},"excerpt":{"rendered":"<p>Das 6-b\u00e4ndige Lehrwerk f\u00fcr erwachsene Lernende von A1 bis B1 leicht unterrichten! klarer und \u00fcbersichtlicher Aufbau 1 Doppelseite = 2 Unterrichtseinheiten integrierte Unterrichtshinweise \u279c aufschlagen und loslegen! leicht lernen! Fokus auf das Wesentliche kleine kommunikative Einheiten markante Visualisierungen \u279c clever&#8230;<\/p>\n","protected":false},"featured_media":218731,"template":"","meta":{"_acf_changed":false,"inline_featured_image":false},"product_brand":[],"product_cat":[538],"product_tag":[],"series":[{"id":937,"name":"DaF leicht","slug":"daf-leicht"}],"publisher":[{"id":473,"name":"Klett Verlag","slug":"klett-verlag"}],"class_list":{"0":"post-87674","1":"product","2":"type-product","3":"status-publish","4":"has-post-thumbnail","6":"product_cat-lehrwerke-fur-erwachsene","7":"series-daf-leicht","8":"publisher-klett-verlag","10":"first","11":"onbackorder","12":"taxable","13":"shipping-taxable","14":"purchasable","15":"product-type-simple"},"acf":[],"_links":{"self":[{"href":"https:\/\/exlibris.ee\/en\/wp-json\/wp\/v2\/product\/87674","targetHints":{"allow":["GET"]}}],"collection":[{"href":"https:\/\/exlibris.ee\/en\/wp-json\/wp\/v2\/product"}],"about":[{"href":"https:\/\/exlibris.ee\/en\/wp-json\/wp\/v2\/types\/product"}],"wp:featuredmedia":[{"embeddable":true,"href":"https:\/\/exlibris.ee\/en\/wp-json\/wp\/v2\/media\/218731"}],"wp:attachment":[{"href":"https:\/\/exlibris.ee\/en\/wp-json\/wp\/v2\/media?parent=87674"}],"wp:term":[{"taxonomy":"product_brand","embeddable":true,"href":"https:\/\/exlibris.ee\/en\/wp-json\/wp\/v2\/product_brand?post=87674"},{"taxonomy":"product_cat","embeddable":true,"href":"https:\/\/exlibris.ee\/en\/wp-json\/wp\/v2\/product_cat?post=87674"},{"taxonomy":"product_tag","embeddable":true,"href":"https:\/\/exlibris.ee\/en\/wp-json\/wp\/v2\/product_tag?post=87674"},{"taxonomy":"series","embeddable":true,"href":"https:\/\/exlibris.ee\/en\/wp-json\/wp\/v2\/series?post=87674"},{"taxonomy":"publisher","embeddable":true,"href":"https:\/\/exlibris.ee\/en\/wp-json\/wp\/v2\/publisher?post=87674"}],"curies":[{"name":"wp","href":"https:\/\/api.w.org\/{rel}","templated":true}]}}