{"id":87683,"date":"2023-07-17T15:32:02","date_gmt":"2023-07-17T12:32:02","guid":{"rendered":"https:\/\/exlibris.ee\/toode\/daf-kompakt-neu-ubungsbuch-a1-b1\/"},"modified":"2026-04-13T05:24:17","modified_gmt":"2026-04-13T02:24:17","slug":"daf-kompakt-neu-ubungsbuch-a1-b1","status":"publish","type":"product","link":"https:\/\/exlibris.ee\/en\/product\/daf-kompakt-neu-ubungsbuch-a1-b1\/","title":{"rendered":"DaF kompakt neu, \u00dcbungsbuch A1-B1"},"content":{"rendered":"<p>Das \u00dcbungsbuch DaF kompakt neu A1-B1 erg\u00e4nzt das Kursbuch und ist ideal, um das im Unterricht Gelernte im Selbststudium zu vertiefen. Es folgt dem Doppelseitenprinzip des Kursbuchs und unterst\u00fctzt den gezielten Aufbau aller Fertigkeiten von Anfang an. Als Abschluss und Erg\u00e4nzung jeder Lektion bietet es unter der Rubrik \u201emehr entdecken\u201c Lern- und Arbeitsstrategien zu Lese- und H\u00f6rverstehen, Textproduktion, Wortschatzerweiterung sowie Anregungen f\u00fcr Projekte. Klare Angaben im Kursbuch verweisen auf die passenden Lektionen im \u00dcbungsbuch. Au\u00dferdem sind alle Aufgaben, die dem Pr\u00fcfungsformat des Goethe-\/\u00d6SD-Zertifikats B1 entsprechen, mit einem Symbol gekennzeichnet. Nach jeder \u00dcbungsbuchlektion gibt es ein ausf\u00fchrliches Trainingsprogramm zur Phonetik. Im Anhang des \u00dcbungsbuchs finden sich Modelltests zum Goethe-\/\u00d6SD-Zertifikat A1, zum Goethe-Zertifikat A2 (neu) und zum Goethe-\/\u00d6SD-Zertifikat B1.<\/p>\n","protected":false},"excerpt":{"rendered":"<p>Das \u00dcbungsbuch DaF kompakt neu A1-B1 erg\u00e4nzt das Kursbuch und ist ideal, um das im Unterricht Gelernte im Selbststudium zu vertiefen. Es folgt dem Doppelseitenprinzip des Kursbuchs und unterst\u00fctzt den gezielten Aufbau aller Fertigkeiten von Anfang an. Als Abschluss und&#8230;<\/p>\n","protected":false},"featured_media":235452,"template":"","meta":{"_acf_changed":false,"inline_featured_image":false},"product_brand":[],"product_cat":[538],"product_tag":[],"series":[{"id":1390,"name":"DaF kompakt neu","slug":"daf-kompakt-neu"}],"publisher":[{"id":473,"name":"Klett Verlag","slug":"klett-verlag"}],"class_list":{"0":"post-87683","1":"product","2":"type-product","3":"status-publish","4":"has-post-thumbnail","6":"product_cat-lehrwerke-fur-erwachsene","7":"series-daf-kompakt-neu","8":"publisher-klett-verlag","10":"first","11":"onbackorder","12":"taxable","13":"shipping-taxable","14":"purchasable","15":"product-type-simple"},"acf":[],"_links":{"self":[{"href":"https:\/\/exlibris.ee\/en\/wp-json\/wp\/v2\/product\/87683","targetHints":{"allow":["GET"]}}],"collection":[{"href":"https:\/\/exlibris.ee\/en\/wp-json\/wp\/v2\/product"}],"about":[{"href":"https:\/\/exlibris.ee\/en\/wp-json\/wp\/v2\/types\/product"}],"wp:featuredmedia":[{"embeddable":true,"href":"https:\/\/exlibris.ee\/en\/wp-json\/wp\/v2\/media\/235452"}],"wp:attachment":[{"href":"https:\/\/exlibris.ee\/en\/wp-json\/wp\/v2\/media?parent=87683"}],"wp:term":[{"taxonomy":"product_brand","embeddable":true,"href":"https:\/\/exlibris.ee\/en\/wp-json\/wp\/v2\/product_brand?post=87683"},{"taxonomy":"product_cat","embeddable":true,"href":"https:\/\/exlibris.ee\/en\/wp-json\/wp\/v2\/product_cat?post=87683"},{"taxonomy":"product_tag","embeddable":true,"href":"https:\/\/exlibris.ee\/en\/wp-json\/wp\/v2\/product_tag?post=87683"},{"taxonomy":"series","embeddable":true,"href":"https:\/\/exlibris.ee\/en\/wp-json\/wp\/v2\/series?post=87683"},{"taxonomy":"publisher","embeddable":true,"href":"https:\/\/exlibris.ee\/en\/wp-json\/wp\/v2\/publisher?post=87683"}],"curies":[{"name":"wp","href":"https:\/\/api.w.org\/{rel}","templated":true}]}}