{"id":87686,"date":"2023-07-17T15:32:03","date_gmt":"2023-07-17T12:32:03","guid":{"rendered":"https:\/\/exlibris.ee\/toode\/daf-kompakt-neu-kurs-und-ubungsbuch-a2\/"},"modified":"2026-04-13T05:24:17","modified_gmt":"2026-04-13T02:24:17","slug":"daf-kompakt-neu-kurs-und-ubungsbuch-a2","status":"publish","type":"product","link":"https:\/\/exlibris.ee\/en\/product\/daf-kompakt-neu-kurs-und-ubungsbuch-a2\/","title":{"rendered":"DaF kompakt neu, Kurs- und \u00dcbungsbuch A2"},"content":{"rendered":"<p>Das Anf\u00e4ngerlehrwerk DaF kompakt neu f\u00fchrt Lernende, die schnell mit Deutsch durchstarten wollen, von A1 bis B1. Es ist besonders geeignet f\u00fcr Studierende und Berufseinsteiger in Intensivkursen, z. B. an Goethe-Instituten und Universit\u00e4ten.<\/p>\n","protected":false},"excerpt":{"rendered":"<p>Das Anf\u00e4ngerlehrwerk DaF kompakt neu f\u00fchrt Lernende, die schnell mit Deutsch durchstarten wollen, von A1 bis B1. Es ist besonders geeignet f\u00fcr Studierende und Berufseinsteiger in Intensivkursen, z. B. an Goethe-Instituten und Universit\u00e4ten.<\/p>\n","protected":false},"featured_media":235455,"template":"","meta":{"_acf_changed":false,"inline_featured_image":false},"product_brand":[],"product_cat":[538],"product_tag":[],"series":[{"id":1390,"name":"DaF kompakt neu","slug":"daf-kompakt-neu"}],"publisher":[{"id":473,"name":"Klett Verlag","slug":"klett-verlag"}],"class_list":{"0":"post-87686","1":"product","2":"type-product","3":"status-publish","4":"has-post-thumbnail","6":"product_cat-lehrwerke-fur-erwachsene","7":"series-daf-kompakt-neu","8":"publisher-klett-verlag","10":"first","11":"onbackorder","12":"taxable","13":"shipping-taxable","14":"purchasable","15":"product-type-simple"},"acf":[],"_links":{"self":[{"href":"https:\/\/exlibris.ee\/en\/wp-json\/wp\/v2\/product\/87686","targetHints":{"allow":["GET"]}}],"collection":[{"href":"https:\/\/exlibris.ee\/en\/wp-json\/wp\/v2\/product"}],"about":[{"href":"https:\/\/exlibris.ee\/en\/wp-json\/wp\/v2\/types\/product"}],"wp:featuredmedia":[{"embeddable":true,"href":"https:\/\/exlibris.ee\/en\/wp-json\/wp\/v2\/media\/235455"}],"wp:attachment":[{"href":"https:\/\/exlibris.ee\/en\/wp-json\/wp\/v2\/media?parent=87686"}],"wp:term":[{"taxonomy":"product_brand","embeddable":true,"href":"https:\/\/exlibris.ee\/en\/wp-json\/wp\/v2\/product_brand?post=87686"},{"taxonomy":"product_cat","embeddable":true,"href":"https:\/\/exlibris.ee\/en\/wp-json\/wp\/v2\/product_cat?post=87686"},{"taxonomy":"product_tag","embeddable":true,"href":"https:\/\/exlibris.ee\/en\/wp-json\/wp\/v2\/product_tag?post=87686"},{"taxonomy":"series","embeddable":true,"href":"https:\/\/exlibris.ee\/en\/wp-json\/wp\/v2\/series?post=87686"},{"taxonomy":"publisher","embeddable":true,"href":"https:\/\/exlibris.ee\/en\/wp-json\/wp\/v2\/publisher?post=87686"}],"curies":[{"name":"wp","href":"https:\/\/api.w.org\/{rel}","templated":true}]}}