{"id":87690,"date":"2023-07-17T15:32:03","date_gmt":"2023-07-17T12:32:03","guid":{"rendered":"https:\/\/exlibris.ee\/toode\/daf-kompakt-neu-intensivtrainer-b1\/"},"modified":"2026-04-13T05:24:17","modified_gmt":"2026-04-13T02:24:17","slug":"daf-kompakt-neu-intensivtrainer-b1","status":"publish","type":"product","link":"https:\/\/exlibris.ee\/en\/product\/daf-kompakt-neu-intensivtrainer-b1\/","title":{"rendered":"DaF kompakt neu, Intensivtrainer B1"},"content":{"rendered":"<p>Intensivtrainer Wortschatz und Grammatik Ist ein auf das DaF kompakt neu B1 Kurs- und \u00dcbungsbuch zugeschnittenes Zusatzmaterial Enth\u00e4lt Grammatik- und Wortschatz\u00fcbungen zu den Lektionen zur Wiederholung, Vertiefung oder Erweiterung Beinhaltet zahlreiche \u00dcbungen zur Rechtschreibung Unterst\u00fctzt beim freien Schreiben eigener Texte Kann zur Binnendifferenzierung oder zum Selbststudium verwendet werden.<\/p>\n","protected":false},"excerpt":{"rendered":"<p>Intensivtrainer Wortschatz und Grammatik Ist ein auf das DaF kompakt neu B1 Kurs- und \u00dcbungsbuch zugeschnittenes Zusatzmaterial Enth\u00e4lt Grammatik- und Wortschatz\u00fcbungen zu den Lektionen zur Wiederholung, Vertiefung oder Erweiterung Beinhaltet zahlreiche \u00dcbungen zur Rechtschreibung Unterst\u00fctzt beim freien Schreiben eigener Texte&#8230;<\/p>\n","protected":false},"featured_media":235459,"template":"","meta":{"_acf_changed":false,"inline_featured_image":false},"product_brand":[],"product_cat":[538],"product_tag":[],"series":[{"id":1390,"name":"DaF kompakt neu","slug":"daf-kompakt-neu"}],"publisher":[{"id":473,"name":"Klett Verlag","slug":"klett-verlag"}],"class_list":{"0":"post-87690","1":"product","2":"type-product","3":"status-publish","4":"has-post-thumbnail","6":"product_cat-lehrwerke-fur-erwachsene","7":"series-daf-kompakt-neu","8":"publisher-klett-verlag","10":"first","11":"onbackorder","12":"taxable","13":"shipping-taxable","14":"purchasable","15":"product-type-simple"},"acf":[],"_links":{"self":[{"href":"https:\/\/exlibris.ee\/en\/wp-json\/wp\/v2\/product\/87690","targetHints":{"allow":["GET"]}}],"collection":[{"href":"https:\/\/exlibris.ee\/en\/wp-json\/wp\/v2\/product"}],"about":[{"href":"https:\/\/exlibris.ee\/en\/wp-json\/wp\/v2\/types\/product"}],"wp:featuredmedia":[{"embeddable":true,"href":"https:\/\/exlibris.ee\/en\/wp-json\/wp\/v2\/media\/235459"}],"wp:attachment":[{"href":"https:\/\/exlibris.ee\/en\/wp-json\/wp\/v2\/media?parent=87690"}],"wp:term":[{"taxonomy":"product_brand","embeddable":true,"href":"https:\/\/exlibris.ee\/en\/wp-json\/wp\/v2\/product_brand?post=87690"},{"taxonomy":"product_cat","embeddable":true,"href":"https:\/\/exlibris.ee\/en\/wp-json\/wp\/v2\/product_cat?post=87690"},{"taxonomy":"product_tag","embeddable":true,"href":"https:\/\/exlibris.ee\/en\/wp-json\/wp\/v2\/product_tag?post=87690"},{"taxonomy":"series","embeddable":true,"href":"https:\/\/exlibris.ee\/en\/wp-json\/wp\/v2\/series?post=87690"},{"taxonomy":"publisher","embeddable":true,"href":"https:\/\/exlibris.ee\/en\/wp-json\/wp\/v2\/publisher?post=87690"}],"curies":[{"name":"wp","href":"https:\/\/api.w.org\/{rel}","templated":true}]}}