{"id":89518,"date":"2023-07-21T12:06:33","date_gmt":"2023-07-21T09:06:33","guid":{"rendered":"https:\/\/exlibris.ee\/toode\/netzwerk-b1-arbeitsbuch-2-cds\/"},"modified":"2026-04-05T13:36:29","modified_gmt":"2026-04-05T10:36:29","slug":"netzwerk-b1-arbeitsbuch-2-cds","status":"publish","type":"product","link":"https:\/\/exlibris.ee\/en\/product\/netzwerk-b1-arbeitsbuch-2-cds\/","title":{"rendered":"Netzwerk B1, Arbeitsbuch + 2 CDs"},"content":{"rendered":"<p>Das Arbeitsbuch zu Netzwerk B1 (Kapitel 1\u201312) vertieft gezielt das Gelernte: Zu jeder Aufgabe im Kursbuch gibt es eine \u00dcbung im Arbeitsbuch. bereitet in vier Trainingskapiteln auf die Pr\u00fcfungen \u201eZertifikat B1\u201c, \u201eZertifikat Deutsch\u201c und \u201eDeutschTest f\u00fcr Zuwanderer\u201c vor erweitert Wortschatzparadigmen in zahlreichen \u00dcbungen und \u00dcbersichten enth\u00e4lt \u00dcbungen zur Binnendifferenzierung f\u00f6rdert und trainiert Wortbildungskenntnisse regt zur selbstst\u00e4ndigen Kontrolle des Lernerfolgs an enth\u00e4lt zwei Audio-CDs mit H\u00f6rtexten und Aussprache\u00fcbungen.<\/p>\n","protected":false},"excerpt":{"rendered":"<p>Das Arbeitsbuch zu Netzwerk B1 (Kapitel 1\u201312) vertieft gezielt das Gelernte: Zu jeder Aufgabe im Kursbuch gibt es eine \u00dcbung im Arbeitsbuch. bereitet in vier Trainingskapiteln auf die Pr\u00fcfungen \u201eZertifikat B1\u201c, \u201eZertifikat Deutsch\u201c und \u201eDeutschTest f\u00fcr Zuwanderer\u201c vor erweitert Wortschatzparadigmen&#8230;<\/p>\n","protected":false},"featured_media":89390,"template":"","meta":{"_acf_changed":false,"inline_featured_image":false},"product_brand":[],"product_cat":[538],"product_tag":[],"series":[{"id":1388,"name":"Netzwerk","slug":"netzwerk"}],"publisher":[{"id":473,"name":"Klett Verlag","slug":"klett-verlag"}],"class_list":{"0":"post-89518","1":"product","2":"type-product","3":"status-publish","4":"has-post-thumbnail","6":"product_cat-lehrwerke-fur-erwachsene","7":"series-netzwerk","8":"publisher-klett-verlag","10":"first","11":"onbackorder","12":"taxable","13":"shipping-taxable","14":"purchasable","15":"product-type-simple"},"acf":[],"_links":{"self":[{"href":"https:\/\/exlibris.ee\/en\/wp-json\/wp\/v2\/product\/89518","targetHints":{"allow":["GET"]}}],"collection":[{"href":"https:\/\/exlibris.ee\/en\/wp-json\/wp\/v2\/product"}],"about":[{"href":"https:\/\/exlibris.ee\/en\/wp-json\/wp\/v2\/types\/product"}],"wp:featuredmedia":[{"embeddable":true,"href":"https:\/\/exlibris.ee\/en\/wp-json\/wp\/v2\/media\/89390"}],"wp:attachment":[{"href":"https:\/\/exlibris.ee\/en\/wp-json\/wp\/v2\/media?parent=89518"}],"wp:term":[{"taxonomy":"product_brand","embeddable":true,"href":"https:\/\/exlibris.ee\/en\/wp-json\/wp\/v2\/product_brand?post=89518"},{"taxonomy":"product_cat","embeddable":true,"href":"https:\/\/exlibris.ee\/en\/wp-json\/wp\/v2\/product_cat?post=89518"},{"taxonomy":"product_tag","embeddable":true,"href":"https:\/\/exlibris.ee\/en\/wp-json\/wp\/v2\/product_tag?post=89518"},{"taxonomy":"series","embeddable":true,"href":"https:\/\/exlibris.ee\/en\/wp-json\/wp\/v2\/series?post=89518"},{"taxonomy":"publisher","embeddable":true,"href":"https:\/\/exlibris.ee\/en\/wp-json\/wp\/v2\/publisher?post=89518"}],"curies":[{"name":"wp","href":"https:\/\/api.w.org\/{rel}","templated":true}]}}