{"id":89523,"date":"2023-07-21T12:06:33","date_gmt":"2023-07-21T09:06:33","guid":{"rendered":"https:\/\/exlibris.ee\/toode\/netzwerk-a2-lehrerhandbuch\/"},"modified":"2026-04-05T13:36:30","modified_gmt":"2026-04-05T10:36:30","slug":"netzwerk-a2-lehrerhandbuch","status":"publish","type":"product","link":"https:\/\/exlibris.ee\/en\/product\/netzwerk-a2-lehrerhandbuch\/","title":{"rendered":"Netzwerk A2, Lehrerhandbuch"},"content":{"rendered":"<p>Das Lehrerhandbuch zu Netzwerk A2 (Kapitel 1\u201312) bietet eine ausf\u00fchrliche Einf\u00fchrung in das Lehrwerkskonzept zu jeder Aufgabe im Kursbuch und zu ausgew\u00e4hlten \u00dcbungen im Arbeitsbuch Erl\u00e4uterungen f\u00fcr den Einsatz im Unterricht alle L\u00f6sungen zum Kursbuch Alternativen oder Erweiterungen f\u00fcr mehr Abwechslung im Unterricht zwei Kopiervorlagen pro Kapitel ein didaktisches Glossar.<\/p>\n","protected":false},"excerpt":{"rendered":"<p>Das Lehrerhandbuch zu Netzwerk A2 (Kapitel 1\u201312) bietet eine ausf\u00fchrliche Einf\u00fchrung in das Lehrwerkskonzept zu jeder Aufgabe im Kursbuch und zu ausgew\u00e4hlten \u00dcbungen im Arbeitsbuch Erl\u00e4uterungen f\u00fcr den Einsatz im Unterricht alle L\u00f6sungen zum Kursbuch Alternativen oder Erweiterungen f\u00fcr mehr&#8230;<\/p>\n","protected":false},"featured_media":89405,"template":"","meta":{"_acf_changed":false,"inline_featured_image":false},"product_brand":[],"product_cat":[538],"product_tag":[],"series":[{"id":1388,"name":"Netzwerk","slug":"netzwerk"}],"publisher":[{"id":473,"name":"Klett Verlag","slug":"klett-verlag"}],"class_list":{"0":"post-89523","1":"product","2":"type-product","3":"status-publish","4":"has-post-thumbnail","6":"product_cat-lehrwerke-fur-erwachsene","7":"series-netzwerk","8":"publisher-klett-verlag","10":"first","11":"onbackorder","12":"taxable","13":"shipping-taxable","14":"purchasable","15":"product-type-simple"},"acf":[],"_links":{"self":[{"href":"https:\/\/exlibris.ee\/en\/wp-json\/wp\/v2\/product\/89523","targetHints":{"allow":["GET"]}}],"collection":[{"href":"https:\/\/exlibris.ee\/en\/wp-json\/wp\/v2\/product"}],"about":[{"href":"https:\/\/exlibris.ee\/en\/wp-json\/wp\/v2\/types\/product"}],"wp:featuredmedia":[{"embeddable":true,"href":"https:\/\/exlibris.ee\/en\/wp-json\/wp\/v2\/media\/89405"}],"wp:attachment":[{"href":"https:\/\/exlibris.ee\/en\/wp-json\/wp\/v2\/media?parent=89523"}],"wp:term":[{"taxonomy":"product_brand","embeddable":true,"href":"https:\/\/exlibris.ee\/en\/wp-json\/wp\/v2\/product_brand?post=89523"},{"taxonomy":"product_cat","embeddable":true,"href":"https:\/\/exlibris.ee\/en\/wp-json\/wp\/v2\/product_cat?post=89523"},{"taxonomy":"product_tag","embeddable":true,"href":"https:\/\/exlibris.ee\/en\/wp-json\/wp\/v2\/product_tag?post=89523"},{"taxonomy":"series","embeddable":true,"href":"https:\/\/exlibris.ee\/en\/wp-json\/wp\/v2\/series?post=89523"},{"taxonomy":"publisher","embeddable":true,"href":"https:\/\/exlibris.ee\/en\/wp-json\/wp\/v2\/publisher?post=89523"}],"curies":[{"name":"wp","href":"https:\/\/api.w.org\/{rel}","templated":true}]}}