{"id":89714,"date":"2023-07-21T12:08:30","date_gmt":"2023-07-21T09:08:30","guid":{"rendered":"https:\/\/exlibris.ee\/toode\/grammatik-konversation-2\/"},"modified":"2026-04-15T13:23:25","modified_gmt":"2026-04-15T10:23:25","slug":"grammatik-konversation-2","status":"publish","type":"product","link":"https:\/\/exlibris.ee\/en\/product\/grammatik-konversation-2\/","title":{"rendered":"Grammatik &amp; Konversation 2"},"content":{"rendered":"<p>Dieser Band f\u00fcr Fortgeschrittene lehnt sich an &#8220;Grammatik &amp; Konversation 1&#8221; an und orientiert sich an den Niveaustufen B1\/B2. Die kopierf\u00e4higen Arbeitsbl\u00e4tter enthalten abwechslungsreiche, den Niveaustufen angemessene \u00dcbungsformen und eine interessante Themenvielfalt.<\/p>\n","protected":false},"excerpt":{"rendered":"<p>Dieser Band f\u00fcr Fortgeschrittene lehnt sich an &#8220;Grammatik &amp; Konversation 1&#8221; an und orientiert sich an den Niveaustufen B1\/B2. Die kopierf\u00e4higen Arbeitsbl\u00e4tter enthalten abwechslungsreiche, den Niveaustufen angemessene \u00dcbungsformen und eine interessante Themenvielfalt.<\/p>\n","protected":false},"featured_media":285383,"template":"","meta":{"_acf_changed":false,"inline_featured_image":false},"product_brand":[],"product_cat":[480],"product_tag":[],"series":[{"id":911,"name":"Konversation","slug":"konversation"}],"publisher":[{"id":473,"name":"Klett Verlag","slug":"klett-verlag"}],"class_list":{"0":"post-89714","1":"product","2":"type-product","3":"status-publish","4":"has-post-thumbnail","6":"product_cat-grammatiken","7":"series-konversation","8":"publisher-klett-verlag","10":"first","11":"onbackorder","12":"taxable","13":"shipping-taxable","14":"purchasable","15":"product-type-simple"},"acf":[],"_links":{"self":[{"href":"https:\/\/exlibris.ee\/en\/wp-json\/wp\/v2\/product\/89714","targetHints":{"allow":["GET"]}}],"collection":[{"href":"https:\/\/exlibris.ee\/en\/wp-json\/wp\/v2\/product"}],"about":[{"href":"https:\/\/exlibris.ee\/en\/wp-json\/wp\/v2\/types\/product"}],"wp:featuredmedia":[{"embeddable":true,"href":"https:\/\/exlibris.ee\/en\/wp-json\/wp\/v2\/media\/285383"}],"wp:attachment":[{"href":"https:\/\/exlibris.ee\/en\/wp-json\/wp\/v2\/media?parent=89714"}],"wp:term":[{"taxonomy":"product_brand","embeddable":true,"href":"https:\/\/exlibris.ee\/en\/wp-json\/wp\/v2\/product_brand?post=89714"},{"taxonomy":"product_cat","embeddable":true,"href":"https:\/\/exlibris.ee\/en\/wp-json\/wp\/v2\/product_cat?post=89714"},{"taxonomy":"product_tag","embeddable":true,"href":"https:\/\/exlibris.ee\/en\/wp-json\/wp\/v2\/product_tag?post=89714"},{"taxonomy":"series","embeddable":true,"href":"https:\/\/exlibris.ee\/en\/wp-json\/wp\/v2\/series?post=89714"},{"taxonomy":"publisher","embeddable":true,"href":"https:\/\/exlibris.ee\/en\/wp-json\/wp\/v2\/publisher?post=89714"}],"curies":[{"name":"wp","href":"https:\/\/api.w.org\/{rel}","templated":true}]}}