{"id":89725,"date":"2023-07-21T12:08:32","date_gmt":"2023-07-21T09:08:32","guid":{"rendered":"https:\/\/exlibris.ee\/toode\/netzwerk-neu-testheft-a2\/"},"modified":"2026-04-07T21:16:11","modified_gmt":"2026-04-07T18:16:11","slug":"netzwerk-neu-testheft-a2","status":"publish","type":"product","link":"https:\/\/exlibris.ee\/en\/product\/netzwerk-neu-testheft-a2\/","title":{"rendered":"Netzwerk neu, Testheft A2"},"content":{"rendered":"<p>Lernfortschritttests zu jedem Kapitel; Testaufgaben zu Wortschatz, Grammatik und den Fertigkeiten H\u00f6ren, Lesen, Schreiben, Sprechen; Vorbereitung auf die Pr\u00fcfungen Start Deutsch 2, Goethe-Zertifikat A2 und \u00d6SD Zertifikat A2; Transkripte der H\u00f6rtexte und L\u00f6sungsschl\u00fcssel; Hinweise zu Bewertung und Benotung.<\/p>\n","protected":false},"excerpt":{"rendered":"<p>Lernfortschritttests zu jedem Kapitel; Testaufgaben zu Wortschatz, Grammatik und den Fertigkeiten H\u00f6ren, Lesen, Schreiben, Sprechen; Vorbereitung auf die Pr\u00fcfungen Start Deutsch 2, Goethe-Zertifikat A2 und \u00d6SD Zertifikat A2; Transkripte der H\u00f6rtexte und L\u00f6sungsschl\u00fcssel; Hinweise zu Bewertung und Benotung.<\/p>\n","protected":false},"featured_media":89661,"template":"","meta":{"_acf_changed":false,"inline_featured_image":false},"product_brand":[],"product_cat":[538],"product_tag":[],"series":[{"id":917,"name":"Netzwerk neu","slug":"netzwerk-neu"}],"publisher":[{"id":473,"name":"Klett Verlag","slug":"klett-verlag"}],"class_list":{"0":"post-89725","1":"product","2":"type-product","3":"status-publish","4":"has-post-thumbnail","6":"product_cat-lehrwerke-fur-erwachsene","7":"series-netzwerk-neu","8":"publisher-klett-verlag","10":"first","11":"onbackorder","12":"taxable","13":"shipping-taxable","14":"purchasable","15":"product-type-simple"},"acf":[],"_links":{"self":[{"href":"https:\/\/exlibris.ee\/en\/wp-json\/wp\/v2\/product\/89725","targetHints":{"allow":["GET"]}}],"collection":[{"href":"https:\/\/exlibris.ee\/en\/wp-json\/wp\/v2\/product"}],"about":[{"href":"https:\/\/exlibris.ee\/en\/wp-json\/wp\/v2\/types\/product"}],"wp:featuredmedia":[{"embeddable":true,"href":"https:\/\/exlibris.ee\/en\/wp-json\/wp\/v2\/media\/89661"}],"wp:attachment":[{"href":"https:\/\/exlibris.ee\/en\/wp-json\/wp\/v2\/media?parent=89725"}],"wp:term":[{"taxonomy":"product_brand","embeddable":true,"href":"https:\/\/exlibris.ee\/en\/wp-json\/wp\/v2\/product_brand?post=89725"},{"taxonomy":"product_cat","embeddable":true,"href":"https:\/\/exlibris.ee\/en\/wp-json\/wp\/v2\/product_cat?post=89725"},{"taxonomy":"product_tag","embeddable":true,"href":"https:\/\/exlibris.ee\/en\/wp-json\/wp\/v2\/product_tag?post=89725"},{"taxonomy":"series","embeddable":true,"href":"https:\/\/exlibris.ee\/en\/wp-json\/wp\/v2\/series?post=89725"},{"taxonomy":"publisher","embeddable":true,"href":"https:\/\/exlibris.ee\/en\/wp-json\/wp\/v2\/publisher?post=89725"}],"curies":[{"name":"wp","href":"https:\/\/api.w.org\/{rel}","templated":true}]}}