{"id":89728,"date":"2023-07-21T12:08:32","date_gmt":"2023-07-21T09:08:32","guid":{"rendered":"https:\/\/exlibris.ee\/toode\/netzwerk-neu-a1-b1-grammatik\/"},"modified":"2026-04-07T03:24:18","modified_gmt":"2026-04-07T00:24:18","slug":"netzwerk-neu-a1-b1-grammatik","status":"publish","type":"product","link":"https:\/\/exlibris.ee\/en\/product\/netzwerk-neu-a1-b1-grammatik\/","title":{"rendered":"Netzwerk neu A1-B1, Grammatik"},"content":{"rendered":"<p>\u00dcberblick \u00fcber die Grammatik von A1 bis B1; Ideal zum Nachschlagen, \u00dcben und Wiederholen; Zahlreiche \u00dcbungen mit L\u00f6sungen zu jedem grammatischen Thema in Netzwerk neu; Festigung und kleinschrittige Erweiterung wichtiger Strukturen; \u00dcbersichtliches Verweissystem auf die Kurs- und \u00dcbungsb\u00fccher.<\/p>\n","protected":false},"excerpt":{"rendered":"<p>\u00dcberblick \u00fcber die Grammatik von A1 bis B1; Ideal zum Nachschlagen, \u00dcben und Wiederholen; Zahlreiche \u00dcbungen mit L\u00f6sungen zu jedem grammatischen Thema in Netzwerk neu; Festigung und kleinschrittige Erweiterung wichtiger Strukturen; \u00dcbersichtliches Verweissystem auf die Kurs- und \u00dcbungsb\u00fccher.<\/p>\n","protected":false},"featured_media":89688,"template":"","meta":{"_acf_changed":false,"inline_featured_image":false},"product_brand":[],"product_cat":[538],"product_tag":[],"series":[{"id":917,"name":"Netzwerk neu","slug":"netzwerk-neu"}],"publisher":[{"id":473,"name":"Klett Verlag","slug":"klett-verlag"}],"class_list":{"0":"post-89728","1":"product","2":"type-product","3":"status-publish","4":"has-post-thumbnail","6":"product_cat-lehrwerke-fur-erwachsene","7":"series-netzwerk-neu","8":"publisher-klett-verlag","10":"first","11":"onbackorder","12":"taxable","13":"shipping-taxable","14":"purchasable","15":"product-type-simple"},"acf":[],"_links":{"self":[{"href":"https:\/\/exlibris.ee\/en\/wp-json\/wp\/v2\/product\/89728","targetHints":{"allow":["GET"]}}],"collection":[{"href":"https:\/\/exlibris.ee\/en\/wp-json\/wp\/v2\/product"}],"about":[{"href":"https:\/\/exlibris.ee\/en\/wp-json\/wp\/v2\/types\/product"}],"wp:featuredmedia":[{"embeddable":true,"href":"https:\/\/exlibris.ee\/en\/wp-json\/wp\/v2\/media\/89688"}],"wp:attachment":[{"href":"https:\/\/exlibris.ee\/en\/wp-json\/wp\/v2\/media?parent=89728"}],"wp:term":[{"taxonomy":"product_brand","embeddable":true,"href":"https:\/\/exlibris.ee\/en\/wp-json\/wp\/v2\/product_brand?post=89728"},{"taxonomy":"product_cat","embeddable":true,"href":"https:\/\/exlibris.ee\/en\/wp-json\/wp\/v2\/product_cat?post=89728"},{"taxonomy":"product_tag","embeddable":true,"href":"https:\/\/exlibris.ee\/en\/wp-json\/wp\/v2\/product_tag?post=89728"},{"taxonomy":"series","embeddable":true,"href":"https:\/\/exlibris.ee\/en\/wp-json\/wp\/v2\/series?post=89728"},{"taxonomy":"publisher","embeddable":true,"href":"https:\/\/exlibris.ee\/en\/wp-json\/wp\/v2\/publisher?post=89728"}],"curies":[{"name":"wp","href":"https:\/\/api.w.org\/{rel}","templated":true}]}}