{"id":89910,"date":"2023-07-21T12:10:22","date_gmt":"2023-07-21T09:10:22","guid":{"rendered":"https:\/\/exlibris.ee\/toode\/kompass-daf-c1-lhb-ohne-cd\/"},"modified":"2026-04-17T15:28:03","modified_gmt":"2026-04-17T12:28:03","slug":"kompass-daf-c1-lhb-ohne-cd","status":"publish","type":"product","link":"https:\/\/exlibris.ee\/en\/product\/kompass-daf-c1-lhb-ohne-cd\/","title":{"rendered":"Kompass DaF, C1 LHB ohne CD"},"content":{"rendered":"<p>Kompass DaF f\u00fchrt in drei bzw. f\u00fcnf B\u00e4nden von B1+ bis C1 und eignet sich f\u00fcr alle studienvorbereitenden Sprachkurse und f\u00fcr allgemeine Sprachkurse.<\/p>\n","protected":false},"excerpt":{"rendered":"<p>Kompass DaF f\u00fchrt in drei bzw. f\u00fcnf B\u00e4nden von B1+ bis C1 und eignet sich f\u00fcr alle studienvorbereitenden Sprachkurse und f\u00fcr allgemeine Sprachkurse.<\/p>\n","protected":false},"featured_media":320336,"template":"","meta":{"_acf_changed":false,"inline_featured_image":false},"product_brand":[],"product_cat":[538],"product_tag":[],"series":[{"id":918,"name":"Kompass DaF","slug":"kompass-daf"}],"publisher":[{"id":473,"name":"Klett Verlag","slug":"klett-verlag"}],"class_list":{"0":"post-89910","1":"product","2":"type-product","3":"status-publish","4":"has-post-thumbnail","6":"product_cat-lehrwerke-fur-erwachsene","7":"series-kompass-daf","8":"publisher-klett-verlag","10":"first","11":"onbackorder","12":"taxable","13":"shipping-taxable","14":"purchasable","15":"product-type-simple"},"acf":[],"_links":{"self":[{"href":"https:\/\/exlibris.ee\/en\/wp-json\/wp\/v2\/product\/89910","targetHints":{"allow":["GET"]}}],"collection":[{"href":"https:\/\/exlibris.ee\/en\/wp-json\/wp\/v2\/product"}],"about":[{"href":"https:\/\/exlibris.ee\/en\/wp-json\/wp\/v2\/types\/product"}],"wp:featuredmedia":[{"embeddable":true,"href":"https:\/\/exlibris.ee\/en\/wp-json\/wp\/v2\/media\/320336"}],"wp:attachment":[{"href":"https:\/\/exlibris.ee\/en\/wp-json\/wp\/v2\/media?parent=89910"}],"wp:term":[{"taxonomy":"product_brand","embeddable":true,"href":"https:\/\/exlibris.ee\/en\/wp-json\/wp\/v2\/product_brand?post=89910"},{"taxonomy":"product_cat","embeddable":true,"href":"https:\/\/exlibris.ee\/en\/wp-json\/wp\/v2\/product_cat?post=89910"},{"taxonomy":"product_tag","embeddable":true,"href":"https:\/\/exlibris.ee\/en\/wp-json\/wp\/v2\/product_tag?post=89910"},{"taxonomy":"series","embeddable":true,"href":"https:\/\/exlibris.ee\/en\/wp-json\/wp\/v2\/series?post=89910"},{"taxonomy":"publisher","embeddable":true,"href":"https:\/\/exlibris.ee\/en\/wp-json\/wp\/v2\/publisher?post=89910"}],"curies":[{"name":"wp","href":"https:\/\/api.w.org\/{rel}","templated":true}]}}