{"id":89925,"date":"2023-07-21T12:10:24","date_gmt":"2023-07-21T09:10:24","guid":{"rendered":"https:\/\/exlibris.ee\/toode\/kompakt-mit-erf-z-dsd-i-pro\/"},"modified":"2026-04-18T15:26:31","modified_gmt":"2026-04-18T12:26:31","slug":"kompakt-mit-erf-z-dsd-i-pro","status":"publish","type":"product","link":"https:\/\/exlibris.ee\/en\/product\/kompakt-mit-erf-z-dsd-i-pro\/","title":{"rendered":"KOMPAKT Mit Erf. z. DSD I PRO"},"content":{"rendered":"<p>Mit KOMPAKT bereiten Sie sich schnell auf die Pr\u00fcfung vor: Sie bearbeiten eine komplette Modellpr\u00fcfung, lernen alle Aufgaben kennen und erhalten wichtige Tipps zur Pr\u00fcfung. Die Aufgaben zur schriftlichen Modellpr\u00fcfung k\u00f6nnen Sie l\u00f6sen und mit den L\u00f6sungen im Buch vergleichen. Die Erkl\u00e4rungen helfen, den L\u00f6sungsweg zu verstehen. Durch ein Beispiel lernen Sie die Anforderungen der m\u00fcndlichen Pr\u00fcfung kennen und k\u00f6nnen diesen Pr\u00fcfungsteil so besser vorbereiten.<\/p>\n","protected":false},"excerpt":{"rendered":"<p>Mit KOMPAKT bereiten Sie sich schnell auf die Pr\u00fcfung vor: Sie bearbeiten eine komplette Modellpr\u00fcfung, lernen alle Aufgaben kennen und erhalten wichtige Tipps zur Pr\u00fcfung. Die Aufgaben zur schriftlichen Modellpr\u00fcfung k\u00f6nnen Sie l\u00f6sen und mit den L\u00f6sungen im Buch vergleichen&#8230;.<\/p>\n","protected":false},"featured_media":337481,"template":"","meta":{"_acf_changed":false,"inline_featured_image":false},"product_brand":[],"product_cat":[507],"product_tag":[],"series":[{"id":1441,"name":"kompakt","slug":"kompakt"}],"publisher":[{"id":473,"name":"Klett Verlag","slug":"klett-verlag"}],"class_list":{"0":"post-89925","1":"product","2":"type-product","3":"status-publish","4":"has-post-thumbnail","6":"product_cat-prufungsvorbereitung","7":"series-kompakt","8":"publisher-klett-verlag","10":"first","11":"onbackorder","12":"taxable","13":"shipping-taxable","14":"purchasable","15":"product-type-simple"},"acf":[],"_links":{"self":[{"href":"https:\/\/exlibris.ee\/en\/wp-json\/wp\/v2\/product\/89925","targetHints":{"allow":["GET"]}}],"collection":[{"href":"https:\/\/exlibris.ee\/en\/wp-json\/wp\/v2\/product"}],"about":[{"href":"https:\/\/exlibris.ee\/en\/wp-json\/wp\/v2\/types\/product"}],"wp:featuredmedia":[{"embeddable":true,"href":"https:\/\/exlibris.ee\/en\/wp-json\/wp\/v2\/media\/337481"}],"wp:attachment":[{"href":"https:\/\/exlibris.ee\/en\/wp-json\/wp\/v2\/media?parent=89925"}],"wp:term":[{"taxonomy":"product_brand","embeddable":true,"href":"https:\/\/exlibris.ee\/en\/wp-json\/wp\/v2\/product_brand?post=89925"},{"taxonomy":"product_cat","embeddable":true,"href":"https:\/\/exlibris.ee\/en\/wp-json\/wp\/v2\/product_cat?post=89925"},{"taxonomy":"product_tag","embeddable":true,"href":"https:\/\/exlibris.ee\/en\/wp-json\/wp\/v2\/product_tag?post=89925"},{"taxonomy":"series","embeddable":true,"href":"https:\/\/exlibris.ee\/en\/wp-json\/wp\/v2\/series?post=89925"},{"taxonomy":"publisher","embeddable":true,"href":"https:\/\/exlibris.ee\/en\/wp-json\/wp\/v2\/publisher?post=89925"}],"curies":[{"name":"wp","href":"https:\/\/api.w.org\/{rel}","templated":true}]}}