{"id":90107,"date":"2023-07-21T12:12:21","date_gmt":"2023-07-21T09:12:21","guid":{"rendered":"https:\/\/exlibris.ee\/toode\/daf-im-unternehmen-b1-trainer-wortschatz-und-grammatik\/"},"modified":"2026-04-05T15:24:20","modified_gmt":"2026-04-05T12:24:20","slug":"daf-im-unternehmen-b1-trainer-wortschatz-und-grammatik","status":"publish","type":"product","link":"https:\/\/exlibris.ee\/en\/product\/daf-im-unternehmen-b1-trainer-wortschatz-und-grammatik\/","title":{"rendered":"DaF im Unternehmen B1, Trainer Wortschatz und Grammatik"},"content":{"rendered":"<p>Intensivtrainer &#8211; Grammatik und Wortschatz f\u00fcr den Beruf. Der Intensivtrainer DaF im Unternehmen B1 Grammatik und Wortschatz f\u00fcr den Beruf bietet kleinschrittige \u00dcbungen zu den jeweiligen Grammatikthemen und zum Wortschatz der Lektionen. Zus\u00e4tzlich werden die Grundlagen zu Grammatik und Wortschatz aus A1 und A2 im beruflichen Kontext intensiv wiederholt. Die Schreibkompetenz wird durch Training passender sprachlicher Mittel in beruflichen Situationen gef\u00f6rdert. Der Trainer ist zum Selbstlernen geeignet und auch zur Binnendifferenzierung im Unterricht einsetzbar. Er enth\u00e4lt einen L\u00f6sungsschl\u00fcssel zur eigenst\u00e4ndigen \u00dcberpr\u00fcfung der Arbeitsergebnisse. Der Intensivtrainer DaF im Unternehmen B1 ist ideal f\u00fcr die Berufssprachkurse des BAMF (DeuF\u00f6) geeignet.<\/p>\n","protected":false},"excerpt":{"rendered":"<p>Intensivtrainer &#8211; Grammatik und Wortschatz f\u00fcr den Beruf. Der Intensivtrainer DaF im Unternehmen B1 Grammatik und Wortschatz f\u00fcr den Beruf bietet kleinschrittige \u00dcbungen zu den jeweiligen Grammatikthemen und zum Wortschatz der Lektionen. Zus\u00e4tzlich werden die Grundlagen zu Grammatik und Wortschatz&#8230;<\/p>\n","protected":false},"featured_media":89994,"template":"","meta":{"_acf_changed":false,"inline_featured_image":false},"product_brand":[],"product_cat":[480],"product_tag":[],"series":[{"id":1450,"name":"DaF im Unternehmen","slug":"daf-im-unternehmen"}],"publisher":[{"id":473,"name":"Klett Verlag","slug":"klett-verlag"}],"class_list":{"0":"post-90107","1":"product","2":"type-product","3":"status-publish","4":"has-post-thumbnail","6":"product_cat-grammatiken","7":"series-daf-im-unternehmen","8":"publisher-klett-verlag","10":"first","11":"onbackorder","12":"taxable","13":"shipping-taxable","14":"purchasable","15":"product-type-simple"},"acf":[],"_links":{"self":[{"href":"https:\/\/exlibris.ee\/en\/wp-json\/wp\/v2\/product\/90107","targetHints":{"allow":["GET"]}}],"collection":[{"href":"https:\/\/exlibris.ee\/en\/wp-json\/wp\/v2\/product"}],"about":[{"href":"https:\/\/exlibris.ee\/en\/wp-json\/wp\/v2\/types\/product"}],"wp:featuredmedia":[{"embeddable":true,"href":"https:\/\/exlibris.ee\/en\/wp-json\/wp\/v2\/media\/89994"}],"wp:attachment":[{"href":"https:\/\/exlibris.ee\/en\/wp-json\/wp\/v2\/media?parent=90107"}],"wp:term":[{"taxonomy":"product_brand","embeddable":true,"href":"https:\/\/exlibris.ee\/en\/wp-json\/wp\/v2\/product_brand?post=90107"},{"taxonomy":"product_cat","embeddable":true,"href":"https:\/\/exlibris.ee\/en\/wp-json\/wp\/v2\/product_cat?post=90107"},{"taxonomy":"product_tag","embeddable":true,"href":"https:\/\/exlibris.ee\/en\/wp-json\/wp\/v2\/product_tag?post=90107"},{"taxonomy":"series","embeddable":true,"href":"https:\/\/exlibris.ee\/en\/wp-json\/wp\/v2\/series?post=90107"},{"taxonomy":"publisher","embeddable":true,"href":"https:\/\/exlibris.ee\/en\/wp-json\/wp\/v2\/publisher?post=90107"}],"curies":[{"name":"wp","href":"https:\/\/api.w.org\/{rel}","templated":true}]}}