{"id":90984,"date":"2023-07-26T00:30:30","date_gmt":"2023-07-25T21:30:30","guid":{"rendered":"https:\/\/exlibris.ee\/toode\/motivationssticker\/"},"modified":"2026-04-05T13:36:27","modified_gmt":"2026-04-05T10:36:27","slug":"motivationssticker","status":"publish","type":"product","link":"https:\/\/exlibris.ee\/en\/product\/motivationssticker\/","title":{"rendered":"Motivationssticker"},"content":{"rendered":"<p>1200 Motivationssticker auf 25 Seiten. Belohnen Sie Ihre Sch\u00fclerinnen und Sch\u00fcler! Machen Sie Ihr Lob sichtbar! St\u00e4rken Sie das Selbstbewusstsein Ihrer Sch\u00fclerinnen und Sch\u00fcler!<\/p>\n","protected":false},"excerpt":{"rendered":"<p>1200 Motivationssticker auf 25 Seiten. Belohnen Sie Ihre Sch\u00fclerinnen und Sch\u00fcler! Machen Sie Ihr Lob sichtbar! St\u00e4rken Sie das Selbstbewusstsein Ihrer Sch\u00fclerinnen und Sch\u00fcler!<\/p>\n","protected":false},"featured_media":90876,"template":"","meta":{"_acf_changed":false,"inline_featured_image":false},"product_brand":[],"product_cat":[503],"product_tag":[],"series":[],"publisher":[{"id":473,"name":"Klett Verlag","slug":"klett-verlag"}],"class_list":{"0":"post-90984","1":"product","2":"type-product","3":"status-publish","4":"has-post-thumbnail","6":"product_cat-lernen-mit-bildern-und-spielen","7":"publisher-klett-verlag","9":"first","10":"instock","11":"taxable","12":"shipping-taxable","13":"purchasable","14":"product-type-simple"},"acf":[],"_links":{"self":[{"href":"https:\/\/exlibris.ee\/en\/wp-json\/wp\/v2\/product\/90984","targetHints":{"allow":["GET"]}}],"collection":[{"href":"https:\/\/exlibris.ee\/en\/wp-json\/wp\/v2\/product"}],"about":[{"href":"https:\/\/exlibris.ee\/en\/wp-json\/wp\/v2\/types\/product"}],"wp:featuredmedia":[{"embeddable":true,"href":"https:\/\/exlibris.ee\/en\/wp-json\/wp\/v2\/media\/90876"}],"wp:attachment":[{"href":"https:\/\/exlibris.ee\/en\/wp-json\/wp\/v2\/media?parent=90984"}],"wp:term":[{"taxonomy":"product_brand","embeddable":true,"href":"https:\/\/exlibris.ee\/en\/wp-json\/wp\/v2\/product_brand?post=90984"},{"taxonomy":"product_cat","embeddable":true,"href":"https:\/\/exlibris.ee\/en\/wp-json\/wp\/v2\/product_cat?post=90984"},{"taxonomy":"product_tag","embeddable":true,"href":"https:\/\/exlibris.ee\/en\/wp-json\/wp\/v2\/product_tag?post=90984"},{"taxonomy":"series","embeddable":true,"href":"https:\/\/exlibris.ee\/en\/wp-json\/wp\/v2\/series?post=90984"},{"taxonomy":"publisher","embeddable":true,"href":"https:\/\/exlibris.ee\/en\/wp-json\/wp\/v2\/publisher?post=90984"}],"curies":[{"name":"wp","href":"https:\/\/api.w.org\/{rel}","templated":true}]}}