{"id":90988,"date":"2023-07-26T00:30:31","date_gmt":"2023-07-25T21:30:31","guid":{"rendered":"https:\/\/exlibris.ee\/toode\/boses-erwachen-in-heidelberg-online\/"},"modified":"2026-04-04T19:39:25","modified_gmt":"2026-04-04T16:39:25","slug":"boses-erwachen-in-heidelberg-online","status":"publish","type":"product","link":"https:\/\/exlibris.ee\/en\/product\/boses-erwachen-in-heidelberg-online\/","title":{"rendered":"B\u00f6ses Erwachen in Heidelberg +online"},"content":{"rendered":"<p>Auf ihrer Fahrt nach Stuttgart bleibt Emma M\u00f6rk bei starkem Schneefall mit ihrem Zug in Heidelberg liegen. Der Zwischenstopp f\u00fchrt sie in die historische Innenstadt und hinauf zur Schlossruine. Dort oben bef\u00e4llt sie Unbehagen, sie f\u00fchlt sich verfolgt und alles verwandelt sich in einen Alptraum.<\/p>\n","protected":false},"excerpt":{"rendered":"<p>Auf ihrer Fahrt nach Stuttgart bleibt Emma M\u00f6rk bei starkem Schneefall mit ihrem Zug in Heidelberg liegen. Der Zwischenstopp f\u00fchrt sie in die historische Innenstadt und hinauf zur Schlossruine. Dort oben bef\u00e4llt sie Unbehagen, sie f\u00fchlt sich verfolgt und alles&#8230;<\/p>\n","protected":false},"featured_media":90906,"template":"","meta":{"_acf_changed":false,"inline_featured_image":false},"product_brand":[],"product_cat":[851],"product_tag":[],"series":[{"id":852,"name":"Tatort DaF","slug":"tatort-daf"}],"publisher":[{"id":473,"name":"Klett Verlag","slug":"klett-verlag"}],"class_list":{"0":"post-90988","1":"product","2":"type-product","3":"status-publish","4":"has-post-thumbnail","6":"product_cat-lesetexte-deutsch","7":"series-tatort-daf","8":"publisher-klett-verlag","10":"first","11":"onbackorder","12":"taxable","13":"shipping-taxable","14":"purchasable","15":"product-type-simple"},"acf":[],"_links":{"self":[{"href":"https:\/\/exlibris.ee\/en\/wp-json\/wp\/v2\/product\/90988","targetHints":{"allow":["GET"]}}],"collection":[{"href":"https:\/\/exlibris.ee\/en\/wp-json\/wp\/v2\/product"}],"about":[{"href":"https:\/\/exlibris.ee\/en\/wp-json\/wp\/v2\/types\/product"}],"wp:featuredmedia":[{"embeddable":true,"href":"https:\/\/exlibris.ee\/en\/wp-json\/wp\/v2\/media\/90906"}],"wp:attachment":[{"href":"https:\/\/exlibris.ee\/en\/wp-json\/wp\/v2\/media?parent=90988"}],"wp:term":[{"taxonomy":"product_brand","embeddable":true,"href":"https:\/\/exlibris.ee\/en\/wp-json\/wp\/v2\/product_brand?post=90988"},{"taxonomy":"product_cat","embeddable":true,"href":"https:\/\/exlibris.ee\/en\/wp-json\/wp\/v2\/product_cat?post=90988"},{"taxonomy":"product_tag","embeddable":true,"href":"https:\/\/exlibris.ee\/en\/wp-json\/wp\/v2\/product_tag?post=90988"},{"taxonomy":"series","embeddable":true,"href":"https:\/\/exlibris.ee\/en\/wp-json\/wp\/v2\/series?post=90988"},{"taxonomy":"publisher","embeddable":true,"href":"https:\/\/exlibris.ee\/en\/wp-json\/wp\/v2\/publisher?post=90988"}],"curies":[{"name":"wp","href":"https:\/\/api.w.org\/{rel}","templated":true}]}}