{"id":90989,"date":"2023-07-26T00:30:31","date_gmt":"2023-07-25T21:30:31","guid":{"rendered":"https:\/\/exlibris.ee\/toode\/heise-spur-in-munchen-online\/"},"modified":"2026-04-12T09:53:48","modified_gmt":"2026-04-12T06:53:48","slug":"heise-spur-in-munchen-online","status":"publish","type":"product","link":"https:\/\/exlibris.ee\/en\/product\/heise-spur-in-munchen-online\/","title":{"rendered":"Hei\u00dfe Spur in M\u00fcnchen + online"},"content":{"rendered":"<p>Paola besucht ihren Freund Karl in M\u00fcnchen. Es soll eine sch\u00f6ne Zeit werden, aber pl\u00f6tzlich wird sie krank. Haben die Kr\u00e4uter, die sie auf dem Viktualienmarkt gekauft hat, etwas damit zu tun? Und warum wird sie verfolgt? Gehen Sie mit Paola auf Spurensuche.<\/p>\n","protected":false},"excerpt":{"rendered":"<p>Paola besucht ihren Freund Karl in M\u00fcnchen. Es soll eine sch\u00f6ne Zeit werden, aber pl\u00f6tzlich wird sie krank. Haben die Kr\u00e4uter, die sie auf dem Viktualienmarkt gekauft hat, etwas damit zu tun? Und warum wird sie verfolgt? Gehen Sie mit&#8230;<\/p>\n","protected":false},"featured_media":217890,"template":"","meta":{"_acf_changed":false,"inline_featured_image":false},"product_brand":[],"product_cat":[851],"product_tag":[],"series":[{"id":852,"name":"Tatort DaF","slug":"tatort-daf"}],"publisher":[{"id":473,"name":"Klett Verlag","slug":"klett-verlag"}],"class_list":{"0":"post-90989","1":"product","2":"type-product","3":"status-publish","4":"has-post-thumbnail","6":"product_cat-lesetexte-deutsch","7":"series-tatort-daf","8":"publisher-klett-verlag","10":"first","11":"onbackorder","12":"taxable","13":"shipping-taxable","14":"purchasable","15":"product-type-simple"},"acf":[],"_links":{"self":[{"href":"https:\/\/exlibris.ee\/en\/wp-json\/wp\/v2\/product\/90989","targetHints":{"allow":["GET"]}}],"collection":[{"href":"https:\/\/exlibris.ee\/en\/wp-json\/wp\/v2\/product"}],"about":[{"href":"https:\/\/exlibris.ee\/en\/wp-json\/wp\/v2\/types\/product"}],"wp:featuredmedia":[{"embeddable":true,"href":"https:\/\/exlibris.ee\/en\/wp-json\/wp\/v2\/media\/217890"}],"wp:attachment":[{"href":"https:\/\/exlibris.ee\/en\/wp-json\/wp\/v2\/media?parent=90989"}],"wp:term":[{"taxonomy":"product_brand","embeddable":true,"href":"https:\/\/exlibris.ee\/en\/wp-json\/wp\/v2\/product_brand?post=90989"},{"taxonomy":"product_cat","embeddable":true,"href":"https:\/\/exlibris.ee\/en\/wp-json\/wp\/v2\/product_cat?post=90989"},{"taxonomy":"product_tag","embeddable":true,"href":"https:\/\/exlibris.ee\/en\/wp-json\/wp\/v2\/product_tag?post=90989"},{"taxonomy":"series","embeddable":true,"href":"https:\/\/exlibris.ee\/en\/wp-json\/wp\/v2\/series?post=90989"},{"taxonomy":"publisher","embeddable":true,"href":"https:\/\/exlibris.ee\/en\/wp-json\/wp\/v2\/publisher?post=90989"}],"curies":[{"name":"wp","href":"https:\/\/api.w.org\/{rel}","templated":true}]}}