{"id":90995,"date":"2023-07-26T00:30:31","date_gmt":"2023-07-25T21:30:31","guid":{"rendered":"https:\/\/exlibris.ee\/toode\/blinder-passagier-buch-online\/"},"modified":"2026-04-12T09:53:49","modified_gmt":"2026-04-12T06:53:49","slug":"blinder-passagier-buch-online","status":"publish","type":"product","link":"https:\/\/exlibris.ee\/en\/product\/blinder-passagier-buch-online\/","title":{"rendered":"Blinder Passagier, Buch + Online"},"content":{"rendered":"<p>Carolina ist auf dem Flussschiff ihrer Eltern auf dem Rhein unterwegs. Doch was ist los im Vorratsraum? Ein blinder Passagier namens Roman sitzt dort seit einem Stopp in Basel. Wie ist Roman an Bord gekommen? Er wei\u00df es nicht. Nur langsam k\u00f6nnen alle gemeinsam das R\u00e4tsel l\u00f6sen. Eine spannende Geschichte aus dem S\u00fcden von Deutschland, Mit Infos zur Region und visuellen Hilfestellungen f\u00fcr neuen Wortschatz, Unterhaltsames Quiz, Kostenloser H\u00f6rtext online (Zugangscode im Buch).<\/p>\n","protected":false},"excerpt":{"rendered":"<p>Carolina ist auf dem Flussschiff ihrer Eltern auf dem Rhein unterwegs. Doch was ist los im Vorratsraum? Ein blinder Passagier namens Roman sitzt dort seit einem Stopp in Basel. Wie ist Roman an Bord gekommen? Er wei\u00df es nicht. Nur&#8230;<\/p>\n","protected":false},"featured_media":217901,"template":"","meta":{"_acf_changed":false,"inline_featured_image":false},"product_brand":[],"product_cat":[851],"product_tag":[],"series":[{"id":853,"name":"Stadt, Land, Fluss\u2026","slug":"stadt-land-fluss"}],"publisher":[{"id":473,"name":"Klett Verlag","slug":"klett-verlag"}],"class_list":{"0":"post-90995","1":"product","2":"type-product","3":"status-publish","4":"has-post-thumbnail","6":"product_cat-lesetexte-deutsch","7":"series-stadt-land-fluss","8":"publisher-klett-verlag","10":"first","11":"onbackorder","12":"taxable","13":"shipping-taxable","14":"purchasable","15":"product-type-simple"},"acf":[],"_links":{"self":[{"href":"https:\/\/exlibris.ee\/en\/wp-json\/wp\/v2\/product\/90995","targetHints":{"allow":["GET"]}}],"collection":[{"href":"https:\/\/exlibris.ee\/en\/wp-json\/wp\/v2\/product"}],"about":[{"href":"https:\/\/exlibris.ee\/en\/wp-json\/wp\/v2\/types\/product"}],"wp:featuredmedia":[{"embeddable":true,"href":"https:\/\/exlibris.ee\/en\/wp-json\/wp\/v2\/media\/217901"}],"wp:attachment":[{"href":"https:\/\/exlibris.ee\/en\/wp-json\/wp\/v2\/media?parent=90995"}],"wp:term":[{"taxonomy":"product_brand","embeddable":true,"href":"https:\/\/exlibris.ee\/en\/wp-json\/wp\/v2\/product_brand?post=90995"},{"taxonomy":"product_cat","embeddable":true,"href":"https:\/\/exlibris.ee\/en\/wp-json\/wp\/v2\/product_cat?post=90995"},{"taxonomy":"product_tag","embeddable":true,"href":"https:\/\/exlibris.ee\/en\/wp-json\/wp\/v2\/product_tag?post=90995"},{"taxonomy":"series","embeddable":true,"href":"https:\/\/exlibris.ee\/en\/wp-json\/wp\/v2\/series?post=90995"},{"taxonomy":"publisher","embeddable":true,"href":"https:\/\/exlibris.ee\/en\/wp-json\/wp\/v2\/publisher?post=90995"}],"curies":[{"name":"wp","href":"https:\/\/api.w.org\/{rel}","templated":true}]}}