{"id":91000,"date":"2023-07-26T00:30:32","date_gmt":"2023-07-25T21:30:32","guid":{"rendered":"https:\/\/exlibris.ee\/toode\/die-sommerferien-buch-online\/"},"modified":"2026-04-04T03:09:29","modified_gmt":"2026-04-04T00:09:29","slug":"die-sommerferien-buch-online","status":"publish","type":"product","link":"https:\/\/exlibris.ee\/en\/product\/die-sommerferien-buch-online\/","title":{"rendered":"Die Sommerferien, Buch + online"},"content":{"rendered":"<p>Es sind Sommerferien und die Freunde Pia, Paul, Kolja, Nadja und Robbie sind in die halbe Welt zerstreut. Wird das geplante Campingwochenende am See stattfinden? Und wenn ja, wird alles gutgehen? Kurzweilige Geschichten mit den Freunden Pia, Paul, Kolja, Robbie und Nadja, Zum Lesen und H\u00f6ren mit H\u00f6rspielszenen, Lustige Zeichnungen f\u00f6rdern das Leseverstehen, Mit \u00dcbungen zum Lese- und H\u00f6rverstehen f\u00fcr jedes Kapitel, Mit jugendgerechten Informationen \u00fcber die deutschsprachigen L\u00e4nder.<\/p>\n","protected":false},"excerpt":{"rendered":"<p>Es sind Sommerferien und die Freunde Pia, Paul, Kolja, Nadja und Robbie sind in die halbe Welt zerstreut. Wird das geplante Campingwochenende am See stattfinden? Und wenn ja, wird alles gutgehen? Kurzweilige Geschichten mit den Freunden Pia, Paul, Kolja, Robbie&#8230;<\/p>\n","protected":false},"featured_media":90960,"template":"","meta":{"_acf_changed":false,"inline_featured_image":false},"product_brand":[],"product_cat":[851],"product_tag":[],"series":[{"id":857,"name":"leicht &amp; logisch","slug":"leicht-logisch"}],"publisher":[{"id":473,"name":"Klett Verlag","slug":"klett-verlag"}],"class_list":{"0":"post-91000","1":"product","2":"type-product","3":"status-publish","4":"has-post-thumbnail","6":"product_cat-lesetexte-deutsch","7":"series-leicht-logisch","8":"publisher-klett-verlag","10":"first","11":"onbackorder","12":"taxable","13":"shipping-taxable","14":"purchasable","15":"product-type-simple"},"acf":[],"_links":{"self":[{"href":"https:\/\/exlibris.ee\/en\/wp-json\/wp\/v2\/product\/91000","targetHints":{"allow":["GET"]}}],"collection":[{"href":"https:\/\/exlibris.ee\/en\/wp-json\/wp\/v2\/product"}],"about":[{"href":"https:\/\/exlibris.ee\/en\/wp-json\/wp\/v2\/types\/product"}],"wp:featuredmedia":[{"embeddable":true,"href":"https:\/\/exlibris.ee\/en\/wp-json\/wp\/v2\/media\/90960"}],"wp:attachment":[{"href":"https:\/\/exlibris.ee\/en\/wp-json\/wp\/v2\/media?parent=91000"}],"wp:term":[{"taxonomy":"product_brand","embeddable":true,"href":"https:\/\/exlibris.ee\/en\/wp-json\/wp\/v2\/product_brand?post=91000"},{"taxonomy":"product_cat","embeddable":true,"href":"https:\/\/exlibris.ee\/en\/wp-json\/wp\/v2\/product_cat?post=91000"},{"taxonomy":"product_tag","embeddable":true,"href":"https:\/\/exlibris.ee\/en\/wp-json\/wp\/v2\/product_tag?post=91000"},{"taxonomy":"series","embeddable":true,"href":"https:\/\/exlibris.ee\/en\/wp-json\/wp\/v2\/series?post=91000"},{"taxonomy":"publisher","embeddable":true,"href":"https:\/\/exlibris.ee\/en\/wp-json\/wp\/v2\/publisher?post=91000"}],"curies":[{"name":"wp","href":"https:\/\/api.w.org\/{rel}","templated":true}]}}