{"id":91003,"date":"2023-07-26T00:30:32","date_gmt":"2023-07-25T21:30:32","guid":{"rendered":"https:\/\/exlibris.ee\/toode\/frisch-gestrichen-buch-online\/"},"modified":"2026-04-04T03:09:29","modified_gmt":"2026-04-04T00:09:29","slug":"frisch-gestrichen-buch-online","status":"publish","type":"product","link":"https:\/\/exlibris.ee\/en\/product\/frisch-gestrichen-buch-online\/","title":{"rendered":"Frisch gestrichen, Buch + online"},"content":{"rendered":"<p>Das Jugendzentrum ist schon lange kein sch\u00f6ner Ort mehr. Alles ist alt, schon oft hat es Einbr\u00fcche gegeben &#8211; man kann sich dort eigentlich nur langweilen. H\u00f6chste Zeit f\u00fcr eine Renovierung, und wenn die Clique um Pia, Paul und Nadja anpackt, kann es nur spa\u00dfig werden.<\/p>\n","protected":false},"excerpt":{"rendered":"<p>Das Jugendzentrum ist schon lange kein sch\u00f6ner Ort mehr. Alles ist alt, schon oft hat es Einbr\u00fcche gegeben &#8211; man kann sich dort eigentlich nur langweilen. H\u00f6chste Zeit f\u00fcr eine Renovierung, und wenn die Clique um Pia, Paul und Nadja&#8230;<\/p>\n","protected":false},"featured_media":90975,"template":"","meta":{"_acf_changed":false,"inline_featured_image":false},"product_brand":[],"product_cat":[851],"product_tag":[],"series":[{"id":857,"name":"leicht &amp; logisch","slug":"leicht-logisch"}],"publisher":[{"id":473,"name":"Klett Verlag","slug":"klett-verlag"}],"class_list":{"0":"post-91003","1":"product","2":"type-product","3":"status-publish","4":"has-post-thumbnail","6":"product_cat-lesetexte-deutsch","7":"series-leicht-logisch","8":"publisher-klett-verlag","10":"first","11":"onbackorder","12":"taxable","13":"shipping-taxable","14":"purchasable","15":"product-type-simple"},"acf":[],"_links":{"self":[{"href":"https:\/\/exlibris.ee\/en\/wp-json\/wp\/v2\/product\/91003","targetHints":{"allow":["GET"]}}],"collection":[{"href":"https:\/\/exlibris.ee\/en\/wp-json\/wp\/v2\/product"}],"about":[{"href":"https:\/\/exlibris.ee\/en\/wp-json\/wp\/v2\/types\/product"}],"wp:featuredmedia":[{"embeddable":true,"href":"https:\/\/exlibris.ee\/en\/wp-json\/wp\/v2\/media\/90975"}],"wp:attachment":[{"href":"https:\/\/exlibris.ee\/en\/wp-json\/wp\/v2\/media?parent=91003"}],"wp:term":[{"taxonomy":"product_brand","embeddable":true,"href":"https:\/\/exlibris.ee\/en\/wp-json\/wp\/v2\/product_brand?post=91003"},{"taxonomy":"product_cat","embeddable":true,"href":"https:\/\/exlibris.ee\/en\/wp-json\/wp\/v2\/product_cat?post=91003"},{"taxonomy":"product_tag","embeddable":true,"href":"https:\/\/exlibris.ee\/en\/wp-json\/wp\/v2\/product_tag?post=91003"},{"taxonomy":"series","embeddable":true,"href":"https:\/\/exlibris.ee\/en\/wp-json\/wp\/v2\/series?post=91003"},{"taxonomy":"publisher","embeddable":true,"href":"https:\/\/exlibris.ee\/en\/wp-json\/wp\/v2\/publisher?post=91003"}],"curies":[{"name":"wp","href":"https:\/\/api.w.org\/{rel}","templated":true}]}}