{"id":91175,"date":"2023-07-26T00:31:56","date_gmt":"2023-07-25T21:31:56","guid":{"rendered":"https:\/\/exlibris.ee\/toode\/phonothek-intensiv-2-cds\/"},"modified":"2026-04-24T19:19:54","modified_gmt":"2026-04-24T16:19:54","slug":"phonothek-intensiv-2-cds","status":"publish","type":"product","link":"https:\/\/exlibris.ee\/en\/product\/phonothek-intensiv-2-cds\/","title":{"rendered":"Phonothek intensiv, 2 CDs"},"content":{"rendered":"<p>Das bew\u00e4hrte \u00dcbungsmaterial zum Erwerb einer (sehr) guten deutschen Aussprache und zur Korrektur von Ausspracheabweichungen steht in \u00fcberarbeiteter Form \u2013 gestrafft, erg\u00e4nzt, aktualisiert, mit zahlreichen zus\u00e4tzlichen Aufgaben und neuen Tonaufnahmen \u2013 zur Verf\u00fcgung.<\/p>\n","protected":false},"excerpt":{"rendered":"<p>Das bew\u00e4hrte \u00dcbungsmaterial zum Erwerb einer (sehr) guten deutschen Aussprache und zur Korrektur von Ausspracheabweichungen steht in \u00fcberarbeiteter Form \u2013 gestrafft, erg\u00e4nzt, aktualisiert, mit zahlreichen zus\u00e4tzlichen Aufgaben und neuen Tonaufnahmen \u2013 zur Verf\u00fcgung.<\/p>\n","protected":false},"featured_media":455948,"template":"","meta":{"_acf_changed":false,"inline_featured_image":false},"product_brand":[],"product_cat":[538],"product_tag":[],"series":[{"id":1490,"name":"Intensivtrainer","slug":"intensivtrainer"}],"publisher":[{"id":473,"name":"Klett Verlag","slug":"klett-verlag"}],"class_list":{"0":"post-91175","1":"product","2":"type-product","3":"status-publish","4":"has-post-thumbnail","6":"product_cat-lehrwerke-fur-erwachsene","7":"series-intensivtrainer","8":"publisher-klett-verlag","10":"first","11":"onbackorder","12":"taxable","13":"shipping-taxable","14":"purchasable","15":"product-type-simple"},"acf":[],"_links":{"self":[{"href":"https:\/\/exlibris.ee\/en\/wp-json\/wp\/v2\/product\/91175","targetHints":{"allow":["GET"]}}],"collection":[{"href":"https:\/\/exlibris.ee\/en\/wp-json\/wp\/v2\/product"}],"about":[{"href":"https:\/\/exlibris.ee\/en\/wp-json\/wp\/v2\/types\/product"}],"wp:featuredmedia":[{"embeddable":true,"href":"https:\/\/exlibris.ee\/en\/wp-json\/wp\/v2\/media\/455948"}],"wp:attachment":[{"href":"https:\/\/exlibris.ee\/en\/wp-json\/wp\/v2\/media?parent=91175"}],"wp:term":[{"taxonomy":"product_brand","embeddable":true,"href":"https:\/\/exlibris.ee\/en\/wp-json\/wp\/v2\/product_brand?post=91175"},{"taxonomy":"product_cat","embeddable":true,"href":"https:\/\/exlibris.ee\/en\/wp-json\/wp\/v2\/product_cat?post=91175"},{"taxonomy":"product_tag","embeddable":true,"href":"https:\/\/exlibris.ee\/en\/wp-json\/wp\/v2\/product_tag?post=91175"},{"taxonomy":"series","embeddable":true,"href":"https:\/\/exlibris.ee\/en\/wp-json\/wp\/v2\/series?post=91175"},{"taxonomy":"publisher","embeddable":true,"href":"https:\/\/exlibris.ee\/en\/wp-json\/wp\/v2\/publisher?post=91175"}],"curies":[{"name":"wp","href":"https:\/\/api.w.org\/{rel}","templated":true}]}}