{"id":91179,"date":"2023-07-26T00:31:57","date_gmt":"2023-07-25T21:31:57","guid":{"rendered":"https:\/\/exlibris.ee\/toode\/die-neue-stufe-1-buch-cd\/"},"modified":"2026-04-25T17:19:37","modified_gmt":"2026-04-25T14:19:37","slug":"die-neue-stufe-1-buch-cd","status":"publish","type":"product","link":"https:\/\/exlibris.ee\/en\/product\/die-neue-stufe-1-buch-cd\/","title":{"rendered":"Die Neue (Stufe 1), Buch + CD"},"content":{"rendered":"<p>Die neue Aushilfe hei\u00dft Beata. Das bedeutet &#8220;die Gl\u00fcckliche&#8221;. In dieser Geschichte ist Leo der Gl\u00fcckliche. Er verliebt sich Hals \u00fcber Kopf und seine Freunde kommen aus dem Staunen nicht mehr heraus.<\/p>\n","protected":false},"excerpt":{"rendered":"<p>Die neue Aushilfe hei\u00dft Beata. Das bedeutet &#8220;die Gl\u00fcckliche&#8221;. In dieser Geschichte ist Leo der Gl\u00fcckliche. Er verliebt sich Hals \u00fcber Kopf und seine Freunde kommen aus dem Staunen nicht mehr heraus.<\/p>\n","protected":false},"featured_media":472699,"template":"","meta":{"_acf_changed":false,"inline_featured_image":false},"product_brand":[],"product_cat":[851],"product_tag":[],"series":[{"id":1491,"name":"Leo &amp; Co.","slug":"leo-co"}],"publisher":[{"id":473,"name":"Klett Verlag","slug":"klett-verlag"}],"class_list":{"0":"post-91179","1":"product","2":"type-product","3":"status-publish","4":"has-post-thumbnail","6":"product_cat-lesetexte-deutsch","7":"series-leo-co","8":"publisher-klett-verlag","10":"first","11":"onbackorder","12":"taxable","13":"shipping-taxable","14":"purchasable","15":"product-type-simple"},"acf":[],"_links":{"self":[{"href":"https:\/\/exlibris.ee\/en\/wp-json\/wp\/v2\/product\/91179","targetHints":{"allow":["GET"]}}],"collection":[{"href":"https:\/\/exlibris.ee\/en\/wp-json\/wp\/v2\/product"}],"about":[{"href":"https:\/\/exlibris.ee\/en\/wp-json\/wp\/v2\/types\/product"}],"wp:featuredmedia":[{"embeddable":true,"href":"https:\/\/exlibris.ee\/en\/wp-json\/wp\/v2\/media\/472699"}],"wp:attachment":[{"href":"https:\/\/exlibris.ee\/en\/wp-json\/wp\/v2\/media?parent=91179"}],"wp:term":[{"taxonomy":"product_brand","embeddable":true,"href":"https:\/\/exlibris.ee\/en\/wp-json\/wp\/v2\/product_brand?post=91179"},{"taxonomy":"product_cat","embeddable":true,"href":"https:\/\/exlibris.ee\/en\/wp-json\/wp\/v2\/product_cat?post=91179"},{"taxonomy":"product_tag","embeddable":true,"href":"https:\/\/exlibris.ee\/en\/wp-json\/wp\/v2\/product_tag?post=91179"},{"taxonomy":"series","embeddable":true,"href":"https:\/\/exlibris.ee\/en\/wp-json\/wp\/v2\/series?post=91179"},{"taxonomy":"publisher","embeddable":true,"href":"https:\/\/exlibris.ee\/en\/wp-json\/wp\/v2\/publisher?post=91179"}],"curies":[{"name":"wp","href":"https:\/\/api.w.org\/{rel}","templated":true}]}}