{"id":91185,"date":"2023-07-26T00:31:57","date_gmt":"2023-07-25T21:31:57","guid":{"rendered":"https:\/\/exlibris.ee\/toode\/beste-freundinnen\/"},"modified":"2026-04-11T17:24:43","modified_gmt":"2026-04-11T14:24:43","slug":"beste-freundinnen","status":"publish","type":"product","link":"https:\/\/exlibris.ee\/en\/product\/beste-freundinnen\/","title":{"rendered":"Beste Freundinnen"},"content":{"rendered":"<p>Caro ist die beste Freundin von Jenny &#8211; und sie mag Karim. Karim hat bald Geburtstag und macht eine Party, aber Caros Eltern sind manchmal sehr streng &#8230; Geschichten aus dem Alltag jugendlicher Sch\u00fcler, mit \u00dcbungen zum Lese- und H\u00f6rverstehen, Und das Beste: die Lekt\u00fcren gibt es auch als komplettes H\u00f6rbuch mit H\u00f6rspielszenen zum Download.<\/p>\n","protected":false},"excerpt":{"rendered":"<p>Caro ist die beste Freundin von Jenny &#8211; und sie mag Karim. Karim hat bald Geburtstag und macht eine Party, aber Caros Eltern sind manchmal sehr streng &#8230; Geschichten aus dem Alltag jugendlicher Sch\u00fcler, mit \u00dcbungen zum Lese- und H\u00f6rverstehen,&#8230;<\/p>\n","protected":false},"featured_media":201551,"template":"","meta":{"_acf_changed":false,"inline_featured_image":false},"product_brand":[],"product_cat":[851],"product_tag":[],"series":[{"id":1492,"name":"leicht &amp; genial","slug":"leicht-genial"}],"publisher":[{"id":473,"name":"Klett Verlag","slug":"klett-verlag"}],"class_list":{"0":"post-91185","1":"product","2":"type-product","3":"status-publish","4":"has-post-thumbnail","6":"product_cat-lesetexte-deutsch","7":"series-leicht-genial","8":"publisher-klett-verlag","10":"first","11":"onbackorder","12":"taxable","13":"shipping-taxable","14":"purchasable","15":"product-type-simple"},"acf":[],"_links":{"self":[{"href":"https:\/\/exlibris.ee\/en\/wp-json\/wp\/v2\/product\/91185","targetHints":{"allow":["GET"]}}],"collection":[{"href":"https:\/\/exlibris.ee\/en\/wp-json\/wp\/v2\/product"}],"about":[{"href":"https:\/\/exlibris.ee\/en\/wp-json\/wp\/v2\/types\/product"}],"wp:featuredmedia":[{"embeddable":true,"href":"https:\/\/exlibris.ee\/en\/wp-json\/wp\/v2\/media\/201551"}],"wp:attachment":[{"href":"https:\/\/exlibris.ee\/en\/wp-json\/wp\/v2\/media?parent=91185"}],"wp:term":[{"taxonomy":"product_brand","embeddable":true,"href":"https:\/\/exlibris.ee\/en\/wp-json\/wp\/v2\/product_brand?post=91185"},{"taxonomy":"product_cat","embeddable":true,"href":"https:\/\/exlibris.ee\/en\/wp-json\/wp\/v2\/product_cat?post=91185"},{"taxonomy":"product_tag","embeddable":true,"href":"https:\/\/exlibris.ee\/en\/wp-json\/wp\/v2\/product_tag?post=91185"},{"taxonomy":"series","embeddable":true,"href":"https:\/\/exlibris.ee\/en\/wp-json\/wp\/v2\/series?post=91185"},{"taxonomy":"publisher","embeddable":true,"href":"https:\/\/exlibris.ee\/en\/wp-json\/wp\/v2\/publisher?post=91185"}],"curies":[{"name":"wp","href":"https:\/\/api.w.org\/{rel}","templated":true}]}}