{"id":91193,"date":"2023-07-26T00:31:58","date_gmt":"2023-07-25T21:31:58","guid":{"rendered":"https:\/\/exlibris.ee\/toode\/der-superstar-stufe-1-buch-cd-audio-download\/"},"modified":"2026-04-04T03:10:36","modified_gmt":"2026-04-04T00:10:36","slug":"der-superstar-stufe-1-buch-cd-audio-download","status":"publish","type":"product","link":"https:\/\/exlibris.ee\/en\/product\/der-superstar-stufe-1-buch-cd-audio-download\/","title":{"rendered":"Der Superstar (Stufe 1), Buch + CD \/ audio-download"},"content":{"rendered":"<p>Olli ist schon 14. Er hat wenig Zeit f\u00fcr die Schule, denn er hat einfach zu viele Hobbys: Fu\u00dfball, Skaten und Musik. Vor allem Musik! Und pl\u00f6tzlich tritt Olli im Fernsehen auf \u2013 Deutschlands neuer Superstar?<\/p>\n","protected":false},"excerpt":{"rendered":"<p>Olli ist schon 14. Er hat wenig Zeit f\u00fcr die Schule, denn er hat einfach zu viele Hobbys: Fu\u00dfball, Skaten und Musik. Vor allem Musik! Und pl\u00f6tzlich tritt Olli im Fernsehen auf \u2013 Deutschlands neuer Superstar?<\/p>\n","protected":false},"featured_media":91103,"template":"","meta":{"_acf_changed":false,"inline_featured_image":false},"product_brand":[],"product_cat":[851],"product_tag":[],"series":[{"id":1494,"name":"Klara &amp; Theo","slug":"klara-theo"}],"publisher":[{"id":473,"name":"Klett Verlag","slug":"klett-verlag"}],"class_list":{"0":"post-91193","1":"product","2":"type-product","3":"status-publish","4":"has-post-thumbnail","6":"product_cat-lesetexte-deutsch","7":"series-klara-theo","8":"publisher-klett-verlag","10":"first","11":"onbackorder","12":"taxable","13":"shipping-taxable","14":"purchasable","15":"product-type-simple"},"acf":[],"_links":{"self":[{"href":"https:\/\/exlibris.ee\/en\/wp-json\/wp\/v2\/product\/91193","targetHints":{"allow":["GET"]}}],"collection":[{"href":"https:\/\/exlibris.ee\/en\/wp-json\/wp\/v2\/product"}],"about":[{"href":"https:\/\/exlibris.ee\/en\/wp-json\/wp\/v2\/types\/product"}],"wp:featuredmedia":[{"embeddable":true,"href":"https:\/\/exlibris.ee\/en\/wp-json\/wp\/v2\/media\/91103"}],"wp:attachment":[{"href":"https:\/\/exlibris.ee\/en\/wp-json\/wp\/v2\/media?parent=91193"}],"wp:term":[{"taxonomy":"product_brand","embeddable":true,"href":"https:\/\/exlibris.ee\/en\/wp-json\/wp\/v2\/product_brand?post=91193"},{"taxonomy":"product_cat","embeddable":true,"href":"https:\/\/exlibris.ee\/en\/wp-json\/wp\/v2\/product_cat?post=91193"},{"taxonomy":"product_tag","embeddable":true,"href":"https:\/\/exlibris.ee\/en\/wp-json\/wp\/v2\/product_tag?post=91193"},{"taxonomy":"series","embeddable":true,"href":"https:\/\/exlibris.ee\/en\/wp-json\/wp\/v2\/series?post=91193"},{"taxonomy":"publisher","embeddable":true,"href":"https:\/\/exlibris.ee\/en\/wp-json\/wp\/v2\/publisher?post=91193"}],"curies":[{"name":"wp","href":"https:\/\/api.w.org\/{rel}","templated":true}]}}