{"id":91200,"date":"2023-07-26T00:31:59","date_gmt":"2023-07-25T21:31:59","guid":{"rendered":"https:\/\/exlibris.ee\/toode\/mundlich-dvd-begleitheft\/"},"modified":"2026-04-05T15:19:55","modified_gmt":"2026-04-05T12:19:55","slug":"mundlich-dvd-begleitheft","status":"publish","type":"product","link":"https:\/\/exlibris.ee\/en\/product\/mundlich-dvd-begleitheft\/","title":{"rendered":"M\u00dcNDLICH, DVD + Begleitheft"},"content":{"rendered":"<p>Die DVD zeigt beispielhafte m\u00fcndliche Pr\u00fcfungssituationen auf allen Niveaus. Durch ausf\u00fchrliche Kommentare der Bewertung und Zuordnung zu einer Niveaustufe k\u00f6nnen Lehrer und Pr\u00fcfer Sicherheit f\u00fcr die Einordnung von Testergebnissen in die Niveaustufen gewinnen. Mit dieser DVD mit Begleitheft wird Lehrenden eine f\u00fcr die Praxis unerl\u00e4ssliche Konkretisierung der Vorgaben des Gemeinsamen europ\u00e4ischen Referenzrahmens bzw. Profile deutsch an die Hand gegeben. Neben der genauen Beschreibung der jeweiligen Bewertung und Einstufung der durchwegs authentischen Pr\u00fcfungsbeispiele gibt es im Buch eine \u00dcbersicht \u00fcber die Kannbeschreibungen, Bewertungsskalen sowie Beispielszenarien f\u00fcr den Einsatz der DVD (z. B. in der Lehrerfortbildung).<\/p>\n","protected":false},"excerpt":{"rendered":"<p>Die DVD zeigt beispielhafte m\u00fcndliche Pr\u00fcfungssituationen auf allen Niveaus. Durch ausf\u00fchrliche Kommentare der Bewertung und Zuordnung zu einer Niveaustufe k\u00f6nnen Lehrer und Pr\u00fcfer Sicherheit f\u00fcr die Einordnung von Testergebnissen in die Niveaustufen gewinnen. Mit dieser DVD mit Begleitheft wird Lehrenden&#8230;<\/p>\n","protected":false},"featured_media":91121,"template":"","meta":{"_acf_changed":false,"inline_featured_image":false},"product_brand":[],"product_cat":[886],"product_tag":[],"series":[],"publisher":[{"id":473,"name":"Klett Verlag","slug":"klett-verlag"}],"class_list":{"0":"post-91200","1":"product","2":"type-product","3":"status-publish","4":"has-post-thumbnail","6":"product_cat-methodik","7":"publisher-klett-verlag","9":"first","10":"onbackorder","11":"taxable","12":"shipping-taxable","13":"purchasable","14":"product-type-simple"},"acf":[],"_links":{"self":[{"href":"https:\/\/exlibris.ee\/en\/wp-json\/wp\/v2\/product\/91200","targetHints":{"allow":["GET"]}}],"collection":[{"href":"https:\/\/exlibris.ee\/en\/wp-json\/wp\/v2\/product"}],"about":[{"href":"https:\/\/exlibris.ee\/en\/wp-json\/wp\/v2\/types\/product"}],"wp:featuredmedia":[{"embeddable":true,"href":"https:\/\/exlibris.ee\/en\/wp-json\/wp\/v2\/media\/91121"}],"wp:attachment":[{"href":"https:\/\/exlibris.ee\/en\/wp-json\/wp\/v2\/media?parent=91200"}],"wp:term":[{"taxonomy":"product_brand","embeddable":true,"href":"https:\/\/exlibris.ee\/en\/wp-json\/wp\/v2\/product_brand?post=91200"},{"taxonomy":"product_cat","embeddable":true,"href":"https:\/\/exlibris.ee\/en\/wp-json\/wp\/v2\/product_cat?post=91200"},{"taxonomy":"product_tag","embeddable":true,"href":"https:\/\/exlibris.ee\/en\/wp-json\/wp\/v2\/product_tag?post=91200"},{"taxonomy":"series","embeddable":true,"href":"https:\/\/exlibris.ee\/en\/wp-json\/wp\/v2\/series?post=91200"},{"taxonomy":"publisher","embeddable":true,"href":"https:\/\/exlibris.ee\/en\/wp-json\/wp\/v2\/publisher?post=91200"}],"curies":[{"name":"wp","href":"https:\/\/api.w.org\/{rel}","templated":true}]}}