{"id":91201,"date":"2023-07-26T00:31:59","date_gmt":"2023-07-25T21:31:59","guid":{"rendered":"https:\/\/exlibris.ee\/toode\/profile-deutsch-buch-cd-rom\/"},"modified":"2026-04-05T15:19:55","modified_gmt":"2026-04-05T12:19:55","slug":"profile-deutsch-buch-cd-rom","status":"publish","type":"product","link":"https:\/\/exlibris.ee\/en\/product\/profile-deutsch-buch-cd-rom\/","title":{"rendered":"Profile deutsch, Buch + CD-ROM"},"content":{"rendered":"<p>Profile deutsch bietet eine Datenbank auf CD-ROM mit Kannbeschreibungen, Wortschatz und Grammatik, die jeweils den Niveaus zugeordnet sind. Listen mit Lern- und Kommunikationsstrategien und Textsorten und das Langenscheidt e-Gro\u00dfw\u00f6rterbuch Deutsch als Fremdsprache erg\u00e4nzen die Datenbank. Mit der CD-ROM kann man unterschiedliche Abfragen durchf\u00fchren, Materialien aus den verschiedenen Listen zusammenstellen und f\u00fcr die Weiterbearbeitung in andere Programme \u00fcbernehmen. Profile deutsch ist Nachschlagewerk, Checkliste und Fundgrube und kann regionalen Gegebenheiten oder spezifischen Bed\u00fcrfnissen angepasst werden. Profile deutsch richtet sich an Lehrende, Leiter von Institutionen, Lehrbuchautoren, Curriculum-Entwickler, Testentwickler und Pr\u00fcfungsspezialisten im Bereich DaF und DaZ.<\/p>\n","protected":false},"excerpt":{"rendered":"<p>Profile deutsch bietet eine Datenbank auf CD-ROM mit Kannbeschreibungen, Wortschatz und Grammatik, die jeweils den Niveaus zugeordnet sind. Listen mit Lern- und Kommunikationsstrategien und Textsorten und das Langenscheidt e-Gro\u00dfw\u00f6rterbuch Deutsch als Fremdsprache erg\u00e4nzen die Datenbank. Mit der CD-ROM kann man&#8230;<\/p>\n","protected":false},"featured_media":91124,"template":"","meta":{"_acf_changed":false,"inline_featured_image":false},"product_brand":[],"product_cat":[886],"product_tag":[],"series":[],"publisher":[{"id":473,"name":"Klett Verlag","slug":"klett-verlag"}],"class_list":{"0":"post-91201","1":"product","2":"type-product","3":"status-publish","4":"has-post-thumbnail","6":"product_cat-methodik","7":"publisher-klett-verlag","9":"first","10":"onbackorder","11":"taxable","12":"shipping-taxable","13":"purchasable","14":"product-type-simple"},"acf":[],"_links":{"self":[{"href":"https:\/\/exlibris.ee\/en\/wp-json\/wp\/v2\/product\/91201","targetHints":{"allow":["GET"]}}],"collection":[{"href":"https:\/\/exlibris.ee\/en\/wp-json\/wp\/v2\/product"}],"about":[{"href":"https:\/\/exlibris.ee\/en\/wp-json\/wp\/v2\/types\/product"}],"wp:featuredmedia":[{"embeddable":true,"href":"https:\/\/exlibris.ee\/en\/wp-json\/wp\/v2\/media\/91124"}],"wp:attachment":[{"href":"https:\/\/exlibris.ee\/en\/wp-json\/wp\/v2\/media?parent=91201"}],"wp:term":[{"taxonomy":"product_brand","embeddable":true,"href":"https:\/\/exlibris.ee\/en\/wp-json\/wp\/v2\/product_brand?post=91201"},{"taxonomy":"product_cat","embeddable":true,"href":"https:\/\/exlibris.ee\/en\/wp-json\/wp\/v2\/product_cat?post=91201"},{"taxonomy":"product_tag","embeddable":true,"href":"https:\/\/exlibris.ee\/en\/wp-json\/wp\/v2\/product_tag?post=91201"},{"taxonomy":"series","embeddable":true,"href":"https:\/\/exlibris.ee\/en\/wp-json\/wp\/v2\/series?post=91201"},{"taxonomy":"publisher","embeddable":true,"href":"https:\/\/exlibris.ee\/en\/wp-json\/wp\/v2\/publisher?post=91201"}],"curies":[{"name":"wp","href":"https:\/\/api.w.org\/{rel}","templated":true}]}}