{"id":91202,"date":"2023-07-26T00:31:59","date_gmt":"2023-07-25T21:31:59","guid":{"rendered":"https:\/\/exlibris.ee\/toode\/gemeins-europaischer-referenzrahmen\/"},"modified":"2026-04-05T15:19:55","modified_gmt":"2026-04-05T12:19:55","slug":"gemeins-europaischer-referenzrahmen","status":"publish","type":"product","link":"https:\/\/exlibris.ee\/en\/product\/gemeins-europaischer-referenzrahmen\/","title":{"rendered":"Gemeins. europ\u00e4ischer Referenzrahmen"},"content":{"rendered":"<p>Der Referenzrahmen beschreibt die Bedingungen des Lernens und die verschiedenen Kompetenzen, die f\u00fcr erfolgreiches Kommunizieren wichtig sind, und stellt die gemeinsamen Referenzniveaus zur Erfassung des Lernfortschritts vor. Der Referenzrahmen richtet sich an Lehrer, Fortbilder, Autoren und Curriculumplaner. Er gibt eine Grundlage, um f\u00fcr alle Fremdsprachen die Sprachverwendung zu beschreiben. Er befasst sich mit der Entwicklung von Curricula und diskutiert verschiedene Pr\u00fcfungsformen. Er wurde im Auftrag des Europarates, Rat f\u00fcr kulturelle Zusammenarbeit, erstellt und vom Goethe-Institut, der St\u00e4ndigen Konferenz der Kultusminister der L\u00e4nder in der Bundesrepublik Deutschland (KMK), der Schweizerischen Konferenz der Kantonalen  ziehungsdirektoren (EDK) und dem \u00f6sterreichischen Bundesministerium f\u00fcr Bildung, Wissenschaft und Kultur (BMBWK) herausgegeben.<\/p>\n","protected":false},"excerpt":{"rendered":"<p>Der Referenzrahmen beschreibt die Bedingungen des Lernens und die verschiedenen Kompetenzen, die f\u00fcr erfolgreiches Kommunizieren wichtig sind, und stellt die gemeinsamen Referenzniveaus zur Erfassung des Lernfortschritts vor. Der Referenzrahmen richtet sich an Lehrer, Fortbilder, Autoren und Curriculumplaner. Er gibt eine&#8230;<\/p>\n","protected":false},"featured_media":91127,"template":"","meta":{"_acf_changed":false,"inline_featured_image":false},"product_brand":[],"product_cat":[886],"product_tag":[],"series":[],"publisher":[{"id":473,"name":"Klett Verlag","slug":"klett-verlag"}],"class_list":{"0":"post-91202","1":"product","2":"type-product","3":"status-publish","4":"has-post-thumbnail","6":"product_cat-methodik","7":"publisher-klett-verlag","9":"first","10":"onbackorder","11":"taxable","12":"shipping-taxable","13":"purchasable","14":"product-type-simple"},"acf":[],"_links":{"self":[{"href":"https:\/\/exlibris.ee\/en\/wp-json\/wp\/v2\/product\/91202","targetHints":{"allow":["GET"]}}],"collection":[{"href":"https:\/\/exlibris.ee\/en\/wp-json\/wp\/v2\/product"}],"about":[{"href":"https:\/\/exlibris.ee\/en\/wp-json\/wp\/v2\/types\/product"}],"wp:featuredmedia":[{"embeddable":true,"href":"https:\/\/exlibris.ee\/en\/wp-json\/wp\/v2\/media\/91127"}],"wp:attachment":[{"href":"https:\/\/exlibris.ee\/en\/wp-json\/wp\/v2\/media?parent=91202"}],"wp:term":[{"taxonomy":"product_brand","embeddable":true,"href":"https:\/\/exlibris.ee\/en\/wp-json\/wp\/v2\/product_brand?post=91202"},{"taxonomy":"product_cat","embeddable":true,"href":"https:\/\/exlibris.ee\/en\/wp-json\/wp\/v2\/product_cat?post=91202"},{"taxonomy":"product_tag","embeddable":true,"href":"https:\/\/exlibris.ee\/en\/wp-json\/wp\/v2\/product_tag?post=91202"},{"taxonomy":"series","embeddable":true,"href":"https:\/\/exlibris.ee\/en\/wp-json\/wp\/v2\/series?post=91202"},{"taxonomy":"publisher","embeddable":true,"href":"https:\/\/exlibris.ee\/en\/wp-json\/wp\/v2\/publisher?post=91202"}],"curies":[{"name":"wp","href":"https:\/\/api.w.org\/{rel}","templated":true}]}}