{"id":91204,"date":"2023-07-26T00:32:00","date_gmt":"2023-07-25T21:32:00","guid":{"rendered":"https:\/\/exlibris.ee\/toode\/dll-2-wie-lernt-man-die-fremdsp-dt\/"},"modified":"2026-04-12T11:19:49","modified_gmt":"2026-04-12T08:19:49","slug":"dll-2-wie-lernt-man-die-fremdsp-dt","status":"publish","type":"product","link":"https:\/\/exlibris.ee\/en\/product\/dll-2-wie-lernt-man-die-fremdsp-dt\/","title":{"rendered":"DLL 2 Wie lernt man die Fremdsp. Dt."},"content":{"rendered":"<p>Die Lernenden und das, was sie mit in den Unterricht bringen, beeinflussen den Lern- und den Lehrprozess. Je besser Lehrkr\u00e4fte ihre Lernenden kennen, desto besser k\u00f6nnen sie ihr unterrichtliches Handeln an ihnen orientieren, sie f\u00f6rdern und begleiten.<\/p>\n","protected":false},"excerpt":{"rendered":"<p>Die Lernenden und das, was sie mit in den Unterricht bringen, beeinflussen den Lern- und den Lehrprozess. Je besser Lehrkr\u00e4fte ihre Lernenden kennen, desto besser k\u00f6nnen sie ihr unterrichtliches Handeln an ihnen orientieren, sie f\u00f6rdern und begleiten.<\/p>\n","protected":false},"featured_media":218283,"template":"","meta":{"_acf_changed":false,"inline_featured_image":false},"product_brand":[],"product_cat":[886],"product_tag":[],"series":[{"id":912,"name":"dll deutsch lehren lernen","slug":"dll-deutsch-lehren-lernen"}],"publisher":[{"id":473,"name":"Klett Verlag","slug":"klett-verlag"}],"class_list":{"0":"post-91204","1":"product","2":"type-product","3":"status-publish","4":"has-post-thumbnail","6":"product_cat-methodik","7":"series-dll-deutsch-lehren-lernen","8":"publisher-klett-verlag","10":"first","11":"instock","12":"taxable","13":"shipping-taxable","14":"purchasable","15":"product-type-simple"},"acf":[],"_links":{"self":[{"href":"https:\/\/exlibris.ee\/en\/wp-json\/wp\/v2\/product\/91204","targetHints":{"allow":["GET"]}}],"collection":[{"href":"https:\/\/exlibris.ee\/en\/wp-json\/wp\/v2\/product"}],"about":[{"href":"https:\/\/exlibris.ee\/en\/wp-json\/wp\/v2\/types\/product"}],"wp:featuredmedia":[{"embeddable":true,"href":"https:\/\/exlibris.ee\/en\/wp-json\/wp\/v2\/media\/218283"}],"wp:attachment":[{"href":"https:\/\/exlibris.ee\/en\/wp-json\/wp\/v2\/media?parent=91204"}],"wp:term":[{"taxonomy":"product_brand","embeddable":true,"href":"https:\/\/exlibris.ee\/en\/wp-json\/wp\/v2\/product_brand?post=91204"},{"taxonomy":"product_cat","embeddable":true,"href":"https:\/\/exlibris.ee\/en\/wp-json\/wp\/v2\/product_cat?post=91204"},{"taxonomy":"product_tag","embeddable":true,"href":"https:\/\/exlibris.ee\/en\/wp-json\/wp\/v2\/product_tag?post=91204"},{"taxonomy":"series","embeddable":true,"href":"https:\/\/exlibris.ee\/en\/wp-json\/wp\/v2\/series?post=91204"},{"taxonomy":"publisher","embeddable":true,"href":"https:\/\/exlibris.ee\/en\/wp-json\/wp\/v2\/publisher?post=91204"}],"curies":[{"name":"wp","href":"https:\/\/api.w.org\/{rel}","templated":true}]}}