{"id":91205,"date":"2023-07-26T00:32:00","date_gmt":"2023-07-25T21:32:00","guid":{"rendered":"https:\/\/exlibris.ee\/toode\/dll-3-deutsch-als-fremde-sprache\/"},"modified":"2026-04-05T15:19:55","modified_gmt":"2026-04-05T12:19:55","slug":"dll-3-deutsch-als-fremde-sprache","status":"publish","type":"product","link":"https:\/\/exlibris.ee\/en\/product\/dll-3-deutsch-als-fremde-sprache\/","title":{"rendered":"DLL 3 Deutsch als fremde Sprache"},"content":{"rendered":"<p>Diese Einheit beschreibt Form und Funktion ausgew\u00e4hlter Bausteine der deutschen Sprache. Wichtige Fragen sind, welche Aspekte f\u00fcr Lernende schwer verst\u00e4ndlich sind und Lehrkr\u00e4fte vor besondere Herausforderungen bei der Vermittlung stellen.Die Einheit zeigt auch, wie das Deutsche in Nachschlagewerken und Lernmaterialien dargestellt ist.<\/p>\n","protected":false},"excerpt":{"rendered":"<p>Diese Einheit beschreibt Form und Funktion ausgew\u00e4hlter Bausteine der deutschen Sprache. Wichtige Fragen sind, welche Aspekte f\u00fcr Lernende schwer verst\u00e4ndlich sind und Lehrkr\u00e4fte vor besondere Herausforderungen bei der Vermittlung stellen.Die Einheit zeigt auch, wie das Deutsche in Nachschlagewerken und Lernmaterialien&#8230;<\/p>\n","protected":false},"featured_media":91139,"template":"","meta":{"_acf_changed":false,"inline_featured_image":false},"product_brand":[],"product_cat":[886],"product_tag":[],"series":[{"id":912,"name":"dll deutsch lehren lernen","slug":"dll-deutsch-lehren-lernen"}],"publisher":[{"id":473,"name":"Klett Verlag","slug":"klett-verlag"}],"class_list":{"0":"post-91205","1":"product","2":"type-product","3":"status-publish","4":"has-post-thumbnail","6":"product_cat-methodik","7":"series-dll-deutsch-lehren-lernen","8":"publisher-klett-verlag","10":"first","11":"onbackorder","12":"taxable","13":"shipping-taxable","14":"purchasable","15":"product-type-simple"},"acf":[],"_links":{"self":[{"href":"https:\/\/exlibris.ee\/en\/wp-json\/wp\/v2\/product\/91205","targetHints":{"allow":["GET"]}}],"collection":[{"href":"https:\/\/exlibris.ee\/en\/wp-json\/wp\/v2\/product"}],"about":[{"href":"https:\/\/exlibris.ee\/en\/wp-json\/wp\/v2\/types\/product"}],"wp:featuredmedia":[{"embeddable":true,"href":"https:\/\/exlibris.ee\/en\/wp-json\/wp\/v2\/media\/91139"}],"wp:attachment":[{"href":"https:\/\/exlibris.ee\/en\/wp-json\/wp\/v2\/media?parent=91205"}],"wp:term":[{"taxonomy":"product_brand","embeddable":true,"href":"https:\/\/exlibris.ee\/en\/wp-json\/wp\/v2\/product_brand?post=91205"},{"taxonomy":"product_cat","embeddable":true,"href":"https:\/\/exlibris.ee\/en\/wp-json\/wp\/v2\/product_cat?post=91205"},{"taxonomy":"product_tag","embeddable":true,"href":"https:\/\/exlibris.ee\/en\/wp-json\/wp\/v2\/product_tag?post=91205"},{"taxonomy":"series","embeddable":true,"href":"https:\/\/exlibris.ee\/en\/wp-json\/wp\/v2\/series?post=91205"},{"taxonomy":"publisher","embeddable":true,"href":"https:\/\/exlibris.ee\/en\/wp-json\/wp\/v2\/publisher?post=91205"}],"curies":[{"name":"wp","href":"https:\/\/api.w.org\/{rel}","templated":true}]}}