{"id":91207,"date":"2023-07-26T00:32:00","date_gmt":"2023-07-25T21:32:00","guid":{"rendered":"https:\/\/exlibris.ee\/toode\/dll-7-prufen-testen-und-evaluieren\/"},"modified":"2026-04-05T15:19:55","modified_gmt":"2026-04-05T12:19:55","slug":"dll-7-prufen-testen-und-evaluieren","status":"publish","type":"product","link":"https:\/\/exlibris.ee\/en\/product\/dll-7-prufen-testen-und-evaluieren\/","title":{"rendered":"DLL 7 Pr\u00fcfen, Testen und Evaluieren"},"content":{"rendered":"<p>Diese Einheit f\u00fchrt in die Rahmenbedingungen des Pr\u00fcfens und Evaluierens ein und zeigt die vielen M\u00f6glichkeiten, formell und informell zu evaluieren und zu diagnostizieren. Lehrkr\u00e4fte lernen Standards des Pr\u00fcfens kennen und k\u00f6nnen diese auf ihre eigene Pr\u00fcfungspraxis anwenden.<\/p>\n","protected":false},"excerpt":{"rendered":"<p>Diese Einheit f\u00fchrt in die Rahmenbedingungen des Pr\u00fcfens und Evaluierens ein und zeigt die vielen M\u00f6glichkeiten, formell und informell zu evaluieren und zu diagnostizieren. Lehrkr\u00e4fte lernen Standards des Pr\u00fcfens kennen und k\u00f6nnen diese auf ihre eigene Pr\u00fcfungspraxis anwenden.<\/p>\n","protected":false},"featured_media":91145,"template":"","meta":{"_acf_changed":false,"inline_featured_image":false},"product_brand":[],"product_cat":[886],"product_tag":[],"series":[{"id":912,"name":"dll deutsch lehren lernen","slug":"dll-deutsch-lehren-lernen"}],"publisher":[{"id":473,"name":"Klett Verlag","slug":"klett-verlag"}],"class_list":{"0":"post-91207","1":"product","2":"type-product","3":"status-publish","4":"has-post-thumbnail","6":"product_cat-methodik","7":"series-dll-deutsch-lehren-lernen","8":"publisher-klett-verlag","10":"first","11":"onbackorder","12":"taxable","13":"shipping-taxable","14":"purchasable","15":"product-type-simple"},"acf":[],"_links":{"self":[{"href":"https:\/\/exlibris.ee\/en\/wp-json\/wp\/v2\/product\/91207","targetHints":{"allow":["GET"]}}],"collection":[{"href":"https:\/\/exlibris.ee\/en\/wp-json\/wp\/v2\/product"}],"about":[{"href":"https:\/\/exlibris.ee\/en\/wp-json\/wp\/v2\/types\/product"}],"wp:featuredmedia":[{"embeddable":true,"href":"https:\/\/exlibris.ee\/en\/wp-json\/wp\/v2\/media\/91145"}],"wp:attachment":[{"href":"https:\/\/exlibris.ee\/en\/wp-json\/wp\/v2\/media?parent=91207"}],"wp:term":[{"taxonomy":"product_brand","embeddable":true,"href":"https:\/\/exlibris.ee\/en\/wp-json\/wp\/v2\/product_brand?post=91207"},{"taxonomy":"product_cat","embeddable":true,"href":"https:\/\/exlibris.ee\/en\/wp-json\/wp\/v2\/product_cat?post=91207"},{"taxonomy":"product_tag","embeddable":true,"href":"https:\/\/exlibris.ee\/en\/wp-json\/wp\/v2\/product_tag?post=91207"},{"taxonomy":"series","embeddable":true,"href":"https:\/\/exlibris.ee\/en\/wp-json\/wp\/v2\/series?post=91207"},{"taxonomy":"publisher","embeddable":true,"href":"https:\/\/exlibris.ee\/en\/wp-json\/wp\/v2\/publisher?post=91207"}],"curies":[{"name":"wp","href":"https:\/\/api.w.org\/{rel}","templated":true}]}}