{"id":91213,"date":"2023-07-26T00:32:01","date_gmt":"2023-07-25T21:32:01","guid":{"rendered":"https:\/\/exlibris.ee\/toode\/die-macht-des-grunen-nebels\/"},"modified":"2026-04-11T17:24:45","modified_gmt":"2026-04-11T14:24:45","slug":"die-macht-des-grunen-nebels","status":"publish","type":"product","link":"https:\/\/exlibris.ee\/en\/product\/die-macht-des-grunen-nebels\/","title":{"rendered":"Die Macht des gr\u00fcnen Nebels"},"content":{"rendered":"<p>Nach einem Streit mit seinen Eltern l\u00e4uft Dennis von zu Hause fort. Im Wald entdeckt er ein geheimnisvolles, steinernes Tor, das ihn magisch anzieht. Als er umkehren m\u00f6chte, steigt pl\u00f6tzlich gr\u00fcner Nebel auf. Dennis verliert das Bewusstsein. Nachdem er wieder zu sich kommt, findet er sich in Gesellschaft eines Jungen wieder, der sich To nennt. Gemeinsam mit To versucht Dennis, den Weg zur\u00fcck in seine Welt zu finden. Doch dazu m\u00fcssen die beiden eine kaum \u00fcberwindbare Aufgabe l\u00f6sen &#8230;<\/p>\n","protected":false},"excerpt":{"rendered":"<p>Nach einem Streit mit seinen Eltern l\u00e4uft Dennis von zu Hause fort. Im Wald entdeckt er ein geheimnisvolles, steinernes Tor, das ihn magisch anzieht. Als er umkehren m\u00f6chte, steigt pl\u00f6tzlich gr\u00fcner Nebel auf. Dennis verliert das Bewusstsein. Nachdem er wieder&#8230;<\/p>\n","protected":false},"featured_media":201589,"template":"","meta":{"_acf_changed":false,"inline_featured_image":false},"product_brand":[],"product_cat":[851],"product_tag":[],"series":[{"id":1496,"name":"Lies und schreib mit","slug":"lies-und-schreib-mit"}],"publisher":[{"id":473,"name":"Klett Verlag","slug":"klett-verlag"}],"class_list":{"0":"post-91213","1":"product","2":"type-product","3":"status-publish","4":"has-post-thumbnail","6":"product_cat-lesetexte-deutsch","7":"series-lies-und-schreib-mit","8":"publisher-klett-verlag","10":"first","11":"onbackorder","12":"taxable","13":"shipping-taxable","14":"purchasable","15":"product-type-simple"},"acf":[],"_links":{"self":[{"href":"https:\/\/exlibris.ee\/en\/wp-json\/wp\/v2\/product\/91213","targetHints":{"allow":["GET"]}}],"collection":[{"href":"https:\/\/exlibris.ee\/en\/wp-json\/wp\/v2\/product"}],"about":[{"href":"https:\/\/exlibris.ee\/en\/wp-json\/wp\/v2\/types\/product"}],"wp:featuredmedia":[{"embeddable":true,"href":"https:\/\/exlibris.ee\/en\/wp-json\/wp\/v2\/media\/201589"}],"wp:attachment":[{"href":"https:\/\/exlibris.ee\/en\/wp-json\/wp\/v2\/media?parent=91213"}],"wp:term":[{"taxonomy":"product_brand","embeddable":true,"href":"https:\/\/exlibris.ee\/en\/wp-json\/wp\/v2\/product_brand?post=91213"},{"taxonomy":"product_cat","embeddable":true,"href":"https:\/\/exlibris.ee\/en\/wp-json\/wp\/v2\/product_cat?post=91213"},{"taxonomy":"product_tag","embeddable":true,"href":"https:\/\/exlibris.ee\/en\/wp-json\/wp\/v2\/product_tag?post=91213"},{"taxonomy":"series","embeddable":true,"href":"https:\/\/exlibris.ee\/en\/wp-json\/wp\/v2\/series?post=91213"},{"taxonomy":"publisher","embeddable":true,"href":"https:\/\/exlibris.ee\/en\/wp-json\/wp\/v2\/publisher?post=91213"}],"curies":[{"name":"wp","href":"https:\/\/api.w.org\/{rel}","templated":true}]}}