{"id":91214,"date":"2023-07-26T00:32:01","date_gmt":"2023-07-25T21:32:01","guid":{"rendered":"https:\/\/exlibris.ee\/toode\/das-leuchten-in-der-tiefe\/"},"modified":"2026-04-11T17:24:45","modified_gmt":"2026-04-11T14:24:45","slug":"das-leuchten-in-der-tiefe","status":"publish","type":"product","link":"https:\/\/exlibris.ee\/en\/product\/das-leuchten-in-der-tiefe\/","title":{"rendered":"Das Leuchten in der Tiefe"},"content":{"rendered":"<p>Alex bekommt von seinem Vater, dem Besitzer der m\u00e4chtigen \u00d6lbohrfirma Price, eine Auftrag: Er soll daf\u00fcr sorgen, dass die Bohrungen auf dem Gel\u00e4nde eines Indianerreservats nicht weiter gest\u00f6rt werden. Sarah verfolgt ein ganz anderes Ziel: Sie will die Bohrungen auf jeden Fall verhindern. Nach einer ihrer Protestaktionen kommt es zu einer Verfolgungsjagd. Dabei gelangen Alex und Sarah durch ein magisches Tor in eine andere, fremde Welt, in der immerw\u00e4hrende Dunkelheit herrscht. Nur gemeinsam k\u00f6nnen sie den Schl\u00fcssel aus der Tiefe eines Sees bergen, mit dem der Weg zur\u00fcck in ihre Welt m\u00f6glich wird. Doch k\u00f6nnen die beiden ihre Differenzen wirklich \u00fcberwinden und ein Team werden?<\/p>\n","protected":false},"excerpt":{"rendered":"<p>Alex bekommt von seinem Vater, dem Besitzer der m\u00e4chtigen \u00d6lbohrfirma Price, eine Auftrag: Er soll daf\u00fcr sorgen, dass die Bohrungen auf dem Gel\u00e4nde eines Indianerreservats nicht weiter gest\u00f6rt werden. Sarah verfolgt ein ganz anderes Ziel: Sie will die Bohrungen auf&#8230;<\/p>\n","protected":false},"featured_media":201590,"template":"","meta":{"_acf_changed":false,"inline_featured_image":false},"product_brand":[],"product_cat":[851],"product_tag":[],"series":[{"id":1496,"name":"Lies und schreib mit","slug":"lies-und-schreib-mit"}],"publisher":[{"id":473,"name":"Klett Verlag","slug":"klett-verlag"}],"class_list":{"0":"post-91214","1":"product","2":"type-product","3":"status-publish","4":"has-post-thumbnail","6":"product_cat-lesetexte-deutsch","7":"series-lies-und-schreib-mit","8":"publisher-klett-verlag","10":"first","11":"instock","12":"taxable","13":"shipping-taxable","14":"purchasable","15":"product-type-simple"},"acf":[],"_links":{"self":[{"href":"https:\/\/exlibris.ee\/en\/wp-json\/wp\/v2\/product\/91214","targetHints":{"allow":["GET"]}}],"collection":[{"href":"https:\/\/exlibris.ee\/en\/wp-json\/wp\/v2\/product"}],"about":[{"href":"https:\/\/exlibris.ee\/en\/wp-json\/wp\/v2\/types\/product"}],"wp:featuredmedia":[{"embeddable":true,"href":"https:\/\/exlibris.ee\/en\/wp-json\/wp\/v2\/media\/201590"}],"wp:attachment":[{"href":"https:\/\/exlibris.ee\/en\/wp-json\/wp\/v2\/media?parent=91214"}],"wp:term":[{"taxonomy":"product_brand","embeddable":true,"href":"https:\/\/exlibris.ee\/en\/wp-json\/wp\/v2\/product_brand?post=91214"},{"taxonomy":"product_cat","embeddable":true,"href":"https:\/\/exlibris.ee\/en\/wp-json\/wp\/v2\/product_cat?post=91214"},{"taxonomy":"product_tag","embeddable":true,"href":"https:\/\/exlibris.ee\/en\/wp-json\/wp\/v2\/product_tag?post=91214"},{"taxonomy":"series","embeddable":true,"href":"https:\/\/exlibris.ee\/en\/wp-json\/wp\/v2\/series?post=91214"},{"taxonomy":"publisher","embeddable":true,"href":"https:\/\/exlibris.ee\/en\/wp-json\/wp\/v2\/publisher?post=91214"}],"curies":[{"name":"wp","href":"https:\/\/api.w.org\/{rel}","templated":true}]}}