{"id":91313,"date":"2023-07-26T00:33:23","date_gmt":"2023-07-25T21:33:23","guid":{"rendered":"https:\/\/exlibris.ee\/toode\/hinter-den-kulissen-stufe-3\/"},"modified":"2026-04-24T01:30:01","modified_gmt":"2026-04-23T22:30:01","slug":"hinter-den-kulissen-stufe-3","status":"publish","type":"product","link":"https:\/\/exlibris.ee\/en\/product\/hinter-den-kulissen-stufe-3\/","title":{"rendered":"Hinter den Kulissen (Stufe 3)"},"content":{"rendered":"<p>F\u00fcr Paco geht ein Traum in Erf\u00fcllung: drei Tage Rockmusik beim Festival \u201eRock am See\u201c. Sein Cousin Felipe hat superg\u00fcnstige Karten organisiert. Es wird eine Reise voller \u00dcberraschungen, denn nichts l\u00e4uft wie geplant.<\/p>\n","protected":false},"excerpt":{"rendered":"<p>F\u00fcr Paco geht ein Traum in Erf\u00fcllung: drei Tage Rockmusik beim Festival \u201eRock am See\u201c. Sein Cousin Felipe hat superg\u00fcnstige Karten organisiert. Es wird eine Reise voller \u00dcberraschungen, denn nichts l\u00e4uft wie geplant.<\/p>\n","protected":false},"featured_media":439423,"template":"","meta":{"_acf_changed":false,"inline_featured_image":false},"product_brand":[],"product_cat":[851],"product_tag":[],"series":[{"id":1491,"name":"Leo &amp; Co.","slug":"leo-co"}],"publisher":[{"id":473,"name":"Klett Verlag","slug":"klett-verlag"}],"class_list":{"0":"post-91313","1":"product","2":"type-product","3":"status-publish","4":"has-post-thumbnail","6":"product_cat-lesetexte-deutsch","7":"series-leo-co","8":"publisher-klett-verlag","10":"first","11":"onbackorder","12":"taxable","13":"shipping-taxable","14":"purchasable","15":"product-type-simple"},"acf":[],"_links":{"self":[{"href":"https:\/\/exlibris.ee\/en\/wp-json\/wp\/v2\/product\/91313","targetHints":{"allow":["GET"]}}],"collection":[{"href":"https:\/\/exlibris.ee\/en\/wp-json\/wp\/v2\/product"}],"about":[{"href":"https:\/\/exlibris.ee\/en\/wp-json\/wp\/v2\/types\/product"}],"wp:featuredmedia":[{"embeddable":true,"href":"https:\/\/exlibris.ee\/en\/wp-json\/wp\/v2\/media\/439423"}],"wp:attachment":[{"href":"https:\/\/exlibris.ee\/en\/wp-json\/wp\/v2\/media?parent=91313"}],"wp:term":[{"taxonomy":"product_brand","embeddable":true,"href":"https:\/\/exlibris.ee\/en\/wp-json\/wp\/v2\/product_brand?post=91313"},{"taxonomy":"product_cat","embeddable":true,"href":"https:\/\/exlibris.ee\/en\/wp-json\/wp\/v2\/product_cat?post=91313"},{"taxonomy":"product_tag","embeddable":true,"href":"https:\/\/exlibris.ee\/en\/wp-json\/wp\/v2\/product_tag?post=91313"},{"taxonomy":"series","embeddable":true,"href":"https:\/\/exlibris.ee\/en\/wp-json\/wp\/v2\/series?post=91313"},{"taxonomy":"publisher","embeddable":true,"href":"https:\/\/exlibris.ee\/en\/wp-json\/wp\/v2\/publisher?post=91313"}],"curies":[{"name":"wp","href":"https:\/\/api.w.org\/{rel}","templated":true}]}}