{"id":91320,"date":"2023-07-26T00:33:23","date_gmt":"2023-07-25T21:33:23","guid":{"rendered":"https:\/\/exlibris.ee\/toode\/ein-hundeleben-stufe-1\/"},"modified":"2026-04-26T11:27:14","modified_gmt":"2026-04-26T08:27:14","slug":"ein-hundeleben-stufe-1","status":"publish","type":"product","link":"https:\/\/exlibris.ee\/en\/product\/ein-hundeleben-stufe-1\/","title":{"rendered":"Ein Hundeleben (Stufe 1)"},"content":{"rendered":"<p>Benno hat ein gro\u00dfes Herz: Selbstverst\u00e4ndlich nimmt er den kleinen Hund eines Freundes \u00fcber die Ferien zu sich. Aber der Freund kommt nicht zur\u00fcck und der kleine Hund wird immer gr\u00f6\u00dfer \u2013 die Probleme bei \u201cLeo &amp; Co.\u201c auch.<\/p>\n","protected":false},"excerpt":{"rendered":"<p>Benno hat ein gro\u00dfes Herz: Selbstverst\u00e4ndlich nimmt er den kleinen Hund eines Freundes \u00fcber die Ferien zu sich. Aber der Freund kommt nicht zur\u00fcck und der kleine Hund wird immer gr\u00f6\u00dfer \u2013 die Probleme bei \u201cLeo &amp; Co.\u201c auch.<\/p>\n","protected":false},"featured_media":489676,"template":"","meta":{"_acf_changed":false,"inline_featured_image":false},"product_brand":[],"product_cat":[851],"product_tag":[],"series":[{"id":1491,"name":"Leo &amp; Co.","slug":"leo-co"}],"publisher":[{"id":473,"name":"Klett Verlag","slug":"klett-verlag"}],"class_list":{"0":"post-91320","1":"product","2":"type-product","3":"status-publish","4":"has-post-thumbnail","6":"product_cat-lesetexte-deutsch","7":"series-leo-co","8":"publisher-klett-verlag","10":"first","11":"onbackorder","12":"taxable","13":"shipping-taxable","14":"purchasable","15":"product-type-simple"},"acf":[],"_links":{"self":[{"href":"https:\/\/exlibris.ee\/en\/wp-json\/wp\/v2\/product\/91320","targetHints":{"allow":["GET"]}}],"collection":[{"href":"https:\/\/exlibris.ee\/en\/wp-json\/wp\/v2\/product"}],"about":[{"href":"https:\/\/exlibris.ee\/en\/wp-json\/wp\/v2\/types\/product"}],"wp:featuredmedia":[{"embeddable":true,"href":"https:\/\/exlibris.ee\/en\/wp-json\/wp\/v2\/media\/489676"}],"wp:attachment":[{"href":"https:\/\/exlibris.ee\/en\/wp-json\/wp\/v2\/media?parent=91320"}],"wp:term":[{"taxonomy":"product_brand","embeddable":true,"href":"https:\/\/exlibris.ee\/en\/wp-json\/wp\/v2\/product_brand?post=91320"},{"taxonomy":"product_cat","embeddable":true,"href":"https:\/\/exlibris.ee\/en\/wp-json\/wp\/v2\/product_cat?post=91320"},{"taxonomy":"product_tag","embeddable":true,"href":"https:\/\/exlibris.ee\/en\/wp-json\/wp\/v2\/product_tag?post=91320"},{"taxonomy":"series","embeddable":true,"href":"https:\/\/exlibris.ee\/en\/wp-json\/wp\/v2\/series?post=91320"},{"taxonomy":"publisher","embeddable":true,"href":"https:\/\/exlibris.ee\/en\/wp-json\/wp\/v2\/publisher?post=91320"}],"curies":[{"name":"wp","href":"https:\/\/api.w.org\/{rel}","templated":true}]}}