{"id":91321,"date":"2023-07-26T00:33:23","date_gmt":"2023-07-25T21:33:23","guid":{"rendered":"https:\/\/exlibris.ee\/toode\/aus-dem-tagebuch-der-anne-frank\/"},"modified":"2026-04-25T17:22:05","modified_gmt":"2026-04-25T14:22:05","slug":"aus-dem-tagebuch-der-anne-frank","status":"publish","type":"product","link":"https:\/\/exlibris.ee\/en\/product\/aus-dem-tagebuch-der-anne-frank\/","title":{"rendered":"Aus dem Tagebuch der Anne Frank"},"content":{"rendered":"<p>In einem Amsterdamer Hinterhaus versteckt sich die j\u00fcdische Familie Frank im Sommer 1942 vor den Nationalsozialisten. Hier schreibt Anne Frank ihr weltber\u00fchmtes Tagebuch, dem sie \u2013 wie einer besten Freundin \u2013 all ihre Beobachtungen, Gedanken und Gef\u00fchle anvertraut. In der Enge des Verstecks und isoliert von der Au\u00dfenwelt schildert sie ihr Leben in st\u00e4ndiger Gefahr vor Entdeckung oder Bombenangriffen. Aber Anne erz\u00e4hlt auch davon, wie verwirrend es ist, erwachsen zu werden und von fast allt\u00e4glichen Familienstreitereien. Bis zum Schluss hofft sie auf ihre Rettung. Doch sie werden entdeckt. Anne Franks Familie wird in ein Konzentrationslager gebracht. Dort stirbt Anne kurz vor Kriegsende im Fr\u00fchling 1945.<\/p>\n","protected":false},"excerpt":{"rendered":"<p>In einem Amsterdamer Hinterhaus versteckt sich die j\u00fcdische Familie Frank im Sommer 1942 vor den Nationalsozialisten. Hier schreibt Anne Frank ihr weltber\u00fchmtes Tagebuch, dem sie \u2013 wie einer besten Freundin \u2013 all ihre Beobachtungen, Gedanken und Gef\u00fchle anvertraut. In der&#8230;<\/p>\n","protected":false},"featured_media":472929,"template":"","meta":{"_acf_changed":false,"inline_featured_image":false},"product_brand":[],"product_cat":[851],"product_tag":[],"series":[{"id":1498,"name":"Deutsch leichter lesen","slug":"deutsch-leichter-lesen"}],"publisher":[{"id":473,"name":"Klett Verlag","slug":"klett-verlag"}],"class_list":{"0":"post-91321","1":"product","2":"type-product","3":"status-publish","4":"has-post-thumbnail","6":"product_cat-lesetexte-deutsch","7":"series-deutsch-leichter-lesen","8":"publisher-klett-verlag","10":"first","11":"onbackorder","12":"taxable","13":"shipping-taxable","14":"purchasable","15":"product-type-simple"},"acf":[],"_links":{"self":[{"href":"https:\/\/exlibris.ee\/en\/wp-json\/wp\/v2\/product\/91321","targetHints":{"allow":["GET"]}}],"collection":[{"href":"https:\/\/exlibris.ee\/en\/wp-json\/wp\/v2\/product"}],"about":[{"href":"https:\/\/exlibris.ee\/en\/wp-json\/wp\/v2\/types\/product"}],"wp:featuredmedia":[{"embeddable":true,"href":"https:\/\/exlibris.ee\/en\/wp-json\/wp\/v2\/media\/472929"}],"wp:attachment":[{"href":"https:\/\/exlibris.ee\/en\/wp-json\/wp\/v2\/media?parent=91321"}],"wp:term":[{"taxonomy":"product_brand","embeddable":true,"href":"https:\/\/exlibris.ee\/en\/wp-json\/wp\/v2\/product_brand?post=91321"},{"taxonomy":"product_cat","embeddable":true,"href":"https:\/\/exlibris.ee\/en\/wp-json\/wp\/v2\/product_cat?post=91321"},{"taxonomy":"product_tag","embeddable":true,"href":"https:\/\/exlibris.ee\/en\/wp-json\/wp\/v2\/product_tag?post=91321"},{"taxonomy":"series","embeddable":true,"href":"https:\/\/exlibris.ee\/en\/wp-json\/wp\/v2\/series?post=91321"},{"taxonomy":"publisher","embeddable":true,"href":"https:\/\/exlibris.ee\/en\/wp-json\/wp\/v2\/publisher?post=91321"}],"curies":[{"name":"wp","href":"https:\/\/api.w.org\/{rel}","templated":true}]}}