{"id":91325,"date":"2023-07-26T00:33:24","date_gmt":"2023-07-25T21:33:24","guid":{"rendered":"https:\/\/exlibris.ee\/toode\/momo\/"},"modified":"2026-04-13T05:21:32","modified_gmt":"2026-04-13T02:21:32","slug":"momo","status":"publish","type":"product","link":"https:\/\/exlibris.ee\/en\/product\/momo\/","title":{"rendered":"Momo"},"content":{"rendered":"<p>Ein M\u00e4dchen namens Momo lebt ohne Geld und Besitz in der Ruine eines Amphitheaters am Rande einer gro\u00dfen Stadt. Momo hat ein ganz besonderes Talent: Sie kann gut zuh\u00f6ren und schenkt so den Menschen Zeit. Doch eines Tages kommen unheimliche graue Herren in die Stadt. Diese grauen M\u00e4nner stehlen den Menschen ihre Zeit. Momo erkennt dies. Doch kann sie die Zeitdiebe stoppen?<\/p>\n","protected":false},"excerpt":{"rendered":"<p>Ein M\u00e4dchen namens Momo lebt ohne Geld und Besitz in der Ruine eines Amphitheaters am Rande einer gro\u00dfen Stadt. Momo hat ein ganz besonderes Talent: Sie kann gut zuh\u00f6ren und schenkt so den Menschen Zeit. Doch eines Tages kommen unheimliche&#8230;<\/p>\n","protected":false},"featured_media":235202,"template":"","meta":{"_acf_changed":false,"inline_featured_image":false},"product_brand":[],"product_cat":[851],"product_tag":[],"series":[{"id":1498,"name":"Deutsch leichter lesen","slug":"deutsch-leichter-lesen"}],"publisher":[{"id":473,"name":"Klett Verlag","slug":"klett-verlag"}],"class_list":{"0":"post-91325","1":"product","2":"type-product","3":"status-publish","4":"has-post-thumbnail","6":"product_cat-lesetexte-deutsch","7":"series-deutsch-leichter-lesen","8":"publisher-klett-verlag","10":"first","11":"onbackorder","12":"taxable","13":"shipping-taxable","14":"purchasable","15":"product-type-simple"},"acf":[],"_links":{"self":[{"href":"https:\/\/exlibris.ee\/en\/wp-json\/wp\/v2\/product\/91325","targetHints":{"allow":["GET"]}}],"collection":[{"href":"https:\/\/exlibris.ee\/en\/wp-json\/wp\/v2\/product"}],"about":[{"href":"https:\/\/exlibris.ee\/en\/wp-json\/wp\/v2\/types\/product"}],"wp:featuredmedia":[{"embeddable":true,"href":"https:\/\/exlibris.ee\/en\/wp-json\/wp\/v2\/media\/235202"}],"wp:attachment":[{"href":"https:\/\/exlibris.ee\/en\/wp-json\/wp\/v2\/media?parent=91325"}],"wp:term":[{"taxonomy":"product_brand","embeddable":true,"href":"https:\/\/exlibris.ee\/en\/wp-json\/wp\/v2\/product_brand?post=91325"},{"taxonomy":"product_cat","embeddable":true,"href":"https:\/\/exlibris.ee\/en\/wp-json\/wp\/v2\/product_cat?post=91325"},{"taxonomy":"product_tag","embeddable":true,"href":"https:\/\/exlibris.ee\/en\/wp-json\/wp\/v2\/product_tag?post=91325"},{"taxonomy":"series","embeddable":true,"href":"https:\/\/exlibris.ee\/en\/wp-json\/wp\/v2\/series?post=91325"},{"taxonomy":"publisher","embeddable":true,"href":"https:\/\/exlibris.ee\/en\/wp-json\/wp\/v2\/publisher?post=91325"}],"curies":[{"name":"wp","href":"https:\/\/api.w.org\/{rel}","templated":true}]}}