{"id":91327,"date":"2023-07-26T00:33:24","date_gmt":"2023-07-25T21:33:24","guid":{"rendered":"https:\/\/exlibris.ee\/toode\/rico-oskar-und-die-tieferschatten\/"},"modified":"2026-04-14T19:15:57","modified_gmt":"2026-04-14T16:15:57","slug":"rico-oskar-und-die-tieferschatten","status":"publish","type":"product","link":"https:\/\/exlibris.ee\/en\/product\/rico-oskar-und-die-tieferschatten\/","title":{"rendered":"Rico, Oskar und die Tieferschatten"},"content":{"rendered":"<p>Die Freunde Rico und Oskar sind grundverschieden: Oskar ist hochbegabt, will auf Nummer Sicher gehen und tr\u00e4gt deshalb stets einen Sturzhelm. Rico dagegen muss immer ein bisschen l\u00e4nger denken als alle anderen. Er ist \u201etiefbegabt\u201c, sagt er. Als Oskar pl\u00f6tzlich verschwindet, deutet alles auf den Entf\u00fchrer Mister 2000 hin. Rico muss all seinen Mut zusammennehmen, um seinen Freund wiederzufinden. Und ganz nebenbei kl\u00e4rt er auch noch das Geheimnis der unheimlichen Tieferschatten im Hinterhaus auf.<\/p>\n","protected":false},"excerpt":{"rendered":"<p>Die Freunde Rico und Oskar sind grundverschieden: Oskar ist hochbegabt, will auf Nummer Sicher gehen und tr\u00e4gt deshalb stets einen Sturzhelm. Rico dagegen muss immer ein bisschen l\u00e4nger denken als alle anderen. Er ist \u201etiefbegabt\u201c, sagt er. Als Oskar pl\u00f6tzlich&#8230;<\/p>\n","protected":false},"featured_media":268825,"template":"","meta":{"_acf_changed":false,"inline_featured_image":false},"product_brand":[],"product_cat":[851],"product_tag":[],"series":[{"id":1498,"name":"Deutsch leichter lesen","slug":"deutsch-leichter-lesen"}],"publisher":[{"id":473,"name":"Klett Verlag","slug":"klett-verlag"}],"class_list":{"0":"post-91327","1":"product","2":"type-product","3":"status-publish","4":"has-post-thumbnail","6":"product_cat-lesetexte-deutsch","7":"series-deutsch-leichter-lesen","8":"publisher-klett-verlag","10":"first","11":"onbackorder","12":"taxable","13":"shipping-taxable","14":"purchasable","15":"product-type-simple"},"acf":[],"_links":{"self":[{"href":"https:\/\/exlibris.ee\/en\/wp-json\/wp\/v2\/product\/91327","targetHints":{"allow":["GET"]}}],"collection":[{"href":"https:\/\/exlibris.ee\/en\/wp-json\/wp\/v2\/product"}],"about":[{"href":"https:\/\/exlibris.ee\/en\/wp-json\/wp\/v2\/types\/product"}],"wp:featuredmedia":[{"embeddable":true,"href":"https:\/\/exlibris.ee\/en\/wp-json\/wp\/v2\/media\/268825"}],"wp:attachment":[{"href":"https:\/\/exlibris.ee\/en\/wp-json\/wp\/v2\/media?parent=91327"}],"wp:term":[{"taxonomy":"product_brand","embeddable":true,"href":"https:\/\/exlibris.ee\/en\/wp-json\/wp\/v2\/product_brand?post=91327"},{"taxonomy":"product_cat","embeddable":true,"href":"https:\/\/exlibris.ee\/en\/wp-json\/wp\/v2\/product_cat?post=91327"},{"taxonomy":"product_tag","embeddable":true,"href":"https:\/\/exlibris.ee\/en\/wp-json\/wp\/v2\/product_tag?post=91327"},{"taxonomy":"series","embeddable":true,"href":"https:\/\/exlibris.ee\/en\/wp-json\/wp\/v2\/series?post=91327"},{"taxonomy":"publisher","embeddable":true,"href":"https:\/\/exlibris.ee\/en\/wp-json\/wp\/v2\/publisher?post=91327"}],"curies":[{"name":"wp","href":"https:\/\/api.w.org\/{rel}","templated":true}]}}