{"id":91679,"date":"2023-07-26T00:35:10","date_gmt":"2023-07-25T21:35:10","guid":{"rendered":"https:\/\/exlibris.ee\/toode\/meine-welt-auf-deutsch-grammatik-uben-lernstufe-1\/"},"modified":"2026-04-04T03:11:46","modified_gmt":"2026-04-04T00:11:46","slug":"meine-welt-auf-deutsch-grammatik-uben-lernstufe-1","status":"publish","type":"product","link":"https:\/\/exlibris.ee\/en\/product\/meine-welt-auf-deutsch-grammatik-uben-lernstufe-1\/","title":{"rendered":"Meine Welt auf Deutsch, Grammatik \u00fcben, Lernstufe 1"},"content":{"rendered":"<p>Neben dem Wortschatzerwerb stellt die Aneignung und Anwendung der deutschen Grammatik die gr\u00f6\u00dfte Herausforderung beim Erlernen des Deutschen als Zweitsprache dar. Die neuen Arbeitshefte der Reihe Grammatik \u00fcben vermitteln die grundlegenden grammatischen Regeln und Strukturen und erm\u00f6glichen ein weitgehend selbstst\u00e4ndiges Training. Liebevoll gestaltete \u00dcbungen und R\u00e4tsel motivieren junge Lerner ab Klasse 2, sich intensiv und dennoch auf spielerische Weise mit Grammatikthemen zu besch\u00e4ftigen. Die \u00dcbungshefte machen Angebote auf drei verschiedenen Lernstufen.<\/p>\n","protected":false},"excerpt":{"rendered":"<p>Neben dem Wortschatzerwerb stellt die Aneignung und Anwendung der deutschen Grammatik die gr\u00f6\u00dfte Herausforderung beim Erlernen des Deutschen als Zweitsprache dar. Die neuen Arbeitshefte der Reihe Grammatik \u00fcben vermitteln die grundlegenden grammatischen Regeln und Strukturen und erm\u00f6glichen ein weitgehend selbstst\u00e4ndiges&#8230;<\/p>\n","protected":false},"featured_media":91426,"template":"","meta":{"_acf_changed":false,"inline_featured_image":false},"product_brand":[],"product_cat":[884],"product_tag":[],"series":[{"id":923,"name":"Meine Welt auf Deutsch","slug":"meine-welt-auf-deutsch"}],"publisher":[{"id":473,"name":"Klett Verlag","slug":"klett-verlag"}],"class_list":{"0":"post-91679","1":"product","2":"type-product","3":"status-publish","4":"has-post-thumbnail","6":"product_cat-wortschatz","7":"series-meine-welt-auf-deutsch","8":"publisher-klett-verlag","10":"first","11":"onbackorder","12":"taxable","13":"shipping-taxable","14":"purchasable","15":"product-type-simple"},"acf":[],"_links":{"self":[{"href":"https:\/\/exlibris.ee\/en\/wp-json\/wp\/v2\/product\/91679","targetHints":{"allow":["GET"]}}],"collection":[{"href":"https:\/\/exlibris.ee\/en\/wp-json\/wp\/v2\/product"}],"about":[{"href":"https:\/\/exlibris.ee\/en\/wp-json\/wp\/v2\/types\/product"}],"wp:featuredmedia":[{"embeddable":true,"href":"https:\/\/exlibris.ee\/en\/wp-json\/wp\/v2\/media\/91426"}],"wp:attachment":[{"href":"https:\/\/exlibris.ee\/en\/wp-json\/wp\/v2\/media?parent=91679"}],"wp:term":[{"taxonomy":"product_brand","embeddable":true,"href":"https:\/\/exlibris.ee\/en\/wp-json\/wp\/v2\/product_brand?post=91679"},{"taxonomy":"product_cat","embeddable":true,"href":"https:\/\/exlibris.ee\/en\/wp-json\/wp\/v2\/product_cat?post=91679"},{"taxonomy":"product_tag","embeddable":true,"href":"https:\/\/exlibris.ee\/en\/wp-json\/wp\/v2\/product_tag?post=91679"},{"taxonomy":"series","embeddable":true,"href":"https:\/\/exlibris.ee\/en\/wp-json\/wp\/v2\/series?post=91679"},{"taxonomy":"publisher","embeddable":true,"href":"https:\/\/exlibris.ee\/en\/wp-json\/wp\/v2\/publisher?post=91679"}],"curies":[{"name":"wp","href":"https:\/\/api.w.org\/{rel}","templated":true}]}}