{"id":91681,"date":"2023-07-26T00:35:10","date_gmt":"2023-07-25T21:35:10","guid":{"rendered":"https:\/\/exlibris.ee\/toode\/meine-welt-auf-deutsch-grammatik-uben-lernstufe-3\/"},"modified":"2026-04-04T03:11:46","modified_gmt":"2026-04-04T00:11:46","slug":"meine-welt-auf-deutsch-grammatik-uben-lernstufe-3","status":"publish","type":"product","link":"https:\/\/exlibris.ee\/en\/product\/meine-welt-auf-deutsch-grammatik-uben-lernstufe-3\/","title":{"rendered":"Meine Welt auf Deutsch, Grammatik \u00fcben, Lernstufe 3"},"content":{"rendered":"<p>Mit Grammatik \u00fcben k\u00f6nnen Sch\u00fclerinnen und Sch\u00fcler ab Klasse 2 wichtige grammatische Themen spielerisch entdecken und weitgehend selbstst\u00e4ndig \u00fcben. Eingebettet in die Themenfelder \u201eAlltag und Freizeit\u201c, \u201eJahr, Wetter und Zeit\u201c und \u201eFeste und Feiern\u201c werden u. a. folgende Bereiche trainiert: Modalverben, Pr\u00e4teritum, Passiv im Pr\u00e4sens, Negation, Ordinalzahlen, Uhrzeit, Erste Satzverbindungen. Grammatikregeln und -begriffe werden leicht verst\u00e4ndlich formuliert oder visualisiert. Jedes Kapitel umfasst folgende Abschnitte: Wichtige W\u00f6rter: Der Wortschatz f\u00fcr die folgenden \u00dcbungen wird zum Einstieg pr\u00e4sentiert und trainiert. Profi- und Partner\u00fcbungen erm\u00f6glichen Differenzierung bzw. Teamarbeit. Teste dich! \u2013 Zum Abschluss k\u00f6nnen Sch\u00fclerinnen und Sch\u00fcler das Wichtigste wiederholen und selbstst\u00e4ndig \u00fcberpr\u00fcfen.<\/p>\n","protected":false},"excerpt":{"rendered":"<p>Mit Grammatik \u00fcben k\u00f6nnen Sch\u00fclerinnen und Sch\u00fcler ab Klasse 2 wichtige grammatische Themen spielerisch entdecken und weitgehend selbstst\u00e4ndig \u00fcben. Eingebettet in die Themenfelder \u201eAlltag und Freizeit\u201c, \u201eJahr, Wetter und Zeit\u201c und \u201eFeste und Feiern\u201c werden u. a. folgende Bereiche trainiert:&#8230;<\/p>\n","protected":false},"featured_media":91432,"template":"","meta":{"_acf_changed":false,"inline_featured_image":false},"product_brand":[],"product_cat":[884],"product_tag":[],"series":[{"id":923,"name":"Meine Welt auf Deutsch","slug":"meine-welt-auf-deutsch"}],"publisher":[{"id":473,"name":"Klett Verlag","slug":"klett-verlag"}],"class_list":{"0":"post-91681","1":"product","2":"type-product","3":"status-publish","4":"has-post-thumbnail","6":"product_cat-wortschatz","7":"series-meine-welt-auf-deutsch","8":"publisher-klett-verlag","10":"first","11":"onbackorder","12":"taxable","13":"shipping-taxable","14":"purchasable","15":"product-type-simple"},"acf":[],"_links":{"self":[{"href":"https:\/\/exlibris.ee\/en\/wp-json\/wp\/v2\/product\/91681","targetHints":{"allow":["GET"]}}],"collection":[{"href":"https:\/\/exlibris.ee\/en\/wp-json\/wp\/v2\/product"}],"about":[{"href":"https:\/\/exlibris.ee\/en\/wp-json\/wp\/v2\/types\/product"}],"wp:featuredmedia":[{"embeddable":true,"href":"https:\/\/exlibris.ee\/en\/wp-json\/wp\/v2\/media\/91432"}],"wp:attachment":[{"href":"https:\/\/exlibris.ee\/en\/wp-json\/wp\/v2\/media?parent=91681"}],"wp:term":[{"taxonomy":"product_brand","embeddable":true,"href":"https:\/\/exlibris.ee\/en\/wp-json\/wp\/v2\/product_brand?post=91681"},{"taxonomy":"product_cat","embeddable":true,"href":"https:\/\/exlibris.ee\/en\/wp-json\/wp\/v2\/product_cat?post=91681"},{"taxonomy":"product_tag","embeddable":true,"href":"https:\/\/exlibris.ee\/en\/wp-json\/wp\/v2\/product_tag?post=91681"},{"taxonomy":"series","embeddable":true,"href":"https:\/\/exlibris.ee\/en\/wp-json\/wp\/v2\/series?post=91681"},{"taxonomy":"publisher","embeddable":true,"href":"https:\/\/exlibris.ee\/en\/wp-json\/wp\/v2\/publisher?post=91681"}],"curies":[{"name":"wp","href":"https:\/\/api.w.org\/{rel}","templated":true}]}}