{"id":91684,"date":"2023-07-26T00:35:10","date_gmt":"2023-07-25T21:35:10","guid":{"rendered":"https:\/\/exlibris.ee\/toode\/fachwortschatz-schule\/"},"modified":"2026-04-04T03:11:46","modified_gmt":"2026-04-04T00:11:46","slug":"fachwortschatz-schule","status":"publish","type":"product","link":"https:\/\/exlibris.ee\/en\/product\/fachwortschatz-schule\/","title":{"rendered":"Fachwortschatz Schule"},"content":{"rendered":"<p>Mit diesem bunt bebilderten Fachwortschatz lernen Kinder der Klassenstufen 1 bis 4 die 700 wichtigsten W\u00f6rter zum Thema Schule. Meine W\u00f6rter f\u00fcr die Schule: bietet alle wichtigen W\u00f6rter zu einem Thema auf einer Doppelseite, pr\u00e4sentiert den Wortschatz in Sinnzusammenh\u00e4ngen, erleichtert das Einpr\u00e4gen und Vernetzen der W\u00f6rter, erm\u00f6glicht das Nachschlagen von W\u00f6rtern mithilfe der alphabetischen W\u00f6rterliste.<\/p>\n","protected":false},"excerpt":{"rendered":"<p>Mit diesem bunt bebilderten Fachwortschatz lernen Kinder der Klassenstufen 1 bis 4 die 700 wichtigsten W\u00f6rter zum Thema Schule. Meine W\u00f6rter f\u00fcr die Schule: bietet alle wichtigen W\u00f6rter zu einem Thema auf einer Doppelseite, pr\u00e4sentiert den Wortschatz in Sinnzusammenh\u00e4ngen, erleichtert&#8230;<\/p>\n","protected":false},"featured_media":91441,"template":"","meta":{"_acf_changed":false,"inline_featured_image":false},"product_brand":[],"product_cat":[884],"product_tag":[],"series":[{"id":923,"name":"Meine Welt auf Deutsch","slug":"meine-welt-auf-deutsch"}],"publisher":[{"id":473,"name":"Klett Verlag","slug":"klett-verlag"}],"class_list":{"0":"post-91684","1":"product","2":"type-product","3":"status-publish","4":"has-post-thumbnail","6":"product_cat-wortschatz","7":"series-meine-welt-auf-deutsch","8":"publisher-klett-verlag","10":"first","11":"onbackorder","12":"taxable","13":"shipping-taxable","14":"purchasable","15":"product-type-simple"},"acf":[],"_links":{"self":[{"href":"https:\/\/exlibris.ee\/en\/wp-json\/wp\/v2\/product\/91684","targetHints":{"allow":["GET"]}}],"collection":[{"href":"https:\/\/exlibris.ee\/en\/wp-json\/wp\/v2\/product"}],"about":[{"href":"https:\/\/exlibris.ee\/en\/wp-json\/wp\/v2\/types\/product"}],"wp:featuredmedia":[{"embeddable":true,"href":"https:\/\/exlibris.ee\/en\/wp-json\/wp\/v2\/media\/91441"}],"wp:attachment":[{"href":"https:\/\/exlibris.ee\/en\/wp-json\/wp\/v2\/media?parent=91684"}],"wp:term":[{"taxonomy":"product_brand","embeddable":true,"href":"https:\/\/exlibris.ee\/en\/wp-json\/wp\/v2\/product_brand?post=91684"},{"taxonomy":"product_cat","embeddable":true,"href":"https:\/\/exlibris.ee\/en\/wp-json\/wp\/v2\/product_cat?post=91684"},{"taxonomy":"product_tag","embeddable":true,"href":"https:\/\/exlibris.ee\/en\/wp-json\/wp\/v2\/product_tag?post=91684"},{"taxonomy":"series","embeddable":true,"href":"https:\/\/exlibris.ee\/en\/wp-json\/wp\/v2\/series?post=91684"},{"taxonomy":"publisher","embeddable":true,"href":"https:\/\/exlibris.ee\/en\/wp-json\/wp\/v2\/publisher?post=91684"}],"curies":[{"name":"wp","href":"https:\/\/api.w.org\/{rel}","templated":true}]}}