{"id":91685,"date":"2023-07-26T00:35:11","date_gmt":"2023-07-25T21:35:11","guid":{"rendered":"https:\/\/exlibris.ee\/toode\/alltag-freizeit-zeit-wetter-feste\/"},"modified":"2026-04-04T03:11:46","modified_gmt":"2026-04-04T00:11:46","slug":"alltag-freizeit-zeit-wetter-feste","status":"publish","type":"product","link":"https:\/\/exlibris.ee\/en\/product\/alltag-freizeit-zeit-wetter-feste\/","title":{"rendered":"Alltag &amp; Freizeit &#8211; Zeit &amp; Wetter &#8211; Feste"},"content":{"rendered":"<p>Mit Wortschatz \u00fcben k\u00f6nnen sich Sch\u00fclerinnen und Sch\u00fcler ab Klasse 2 selbstst\u00e4ndig einen ausgew\u00e4hlten Basiswortschatz zu verschiedenen Alltagsthemen erarbeiten. In diesem Heft lernen sie W\u00f6rter zu den Themenfeldern Freizeit, Mein  Jahr, Feste.<\/p>\n","protected":false},"excerpt":{"rendered":"<p>Mit Wortschatz \u00fcben k\u00f6nnen sich Sch\u00fclerinnen und Sch\u00fcler ab Klasse 2 selbstst\u00e4ndig einen ausgew\u00e4hlten Basiswortschatz zu verschiedenen Alltagsthemen erarbeiten. In diesem Heft lernen sie W\u00f6rter zu den Themenfeldern Freizeit, Mein Jahr, Feste.<\/p>\n","protected":false},"featured_media":91447,"template":"","meta":{"_acf_changed":false,"inline_featured_image":false},"product_brand":[],"product_cat":[884],"product_tag":[],"series":[{"id":923,"name":"Meine Welt auf Deutsch","slug":"meine-welt-auf-deutsch"}],"publisher":[{"id":473,"name":"Klett Verlag","slug":"klett-verlag"}],"class_list":{"0":"post-91685","1":"product","2":"type-product","3":"status-publish","4":"has-post-thumbnail","6":"product_cat-wortschatz","7":"series-meine-welt-auf-deutsch","8":"publisher-klett-verlag","10":"first","11":"onbackorder","12":"taxable","13":"shipping-taxable","14":"purchasable","15":"product-type-simple"},"acf":[],"_links":{"self":[{"href":"https:\/\/exlibris.ee\/en\/wp-json\/wp\/v2\/product\/91685","targetHints":{"allow":["GET"]}}],"collection":[{"href":"https:\/\/exlibris.ee\/en\/wp-json\/wp\/v2\/product"}],"about":[{"href":"https:\/\/exlibris.ee\/en\/wp-json\/wp\/v2\/types\/product"}],"wp:featuredmedia":[{"embeddable":true,"href":"https:\/\/exlibris.ee\/en\/wp-json\/wp\/v2\/media\/91447"}],"wp:attachment":[{"href":"https:\/\/exlibris.ee\/en\/wp-json\/wp\/v2\/media?parent=91685"}],"wp:term":[{"taxonomy":"product_brand","embeddable":true,"href":"https:\/\/exlibris.ee\/en\/wp-json\/wp\/v2\/product_brand?post=91685"},{"taxonomy":"product_cat","embeddable":true,"href":"https:\/\/exlibris.ee\/en\/wp-json\/wp\/v2\/product_cat?post=91685"},{"taxonomy":"product_tag","embeddable":true,"href":"https:\/\/exlibris.ee\/en\/wp-json\/wp\/v2\/product_tag?post=91685"},{"taxonomy":"series","embeddable":true,"href":"https:\/\/exlibris.ee\/en\/wp-json\/wp\/v2\/series?post=91685"},{"taxonomy":"publisher","embeddable":true,"href":"https:\/\/exlibris.ee\/en\/wp-json\/wp\/v2\/publisher?post=91685"}],"curies":[{"name":"wp","href":"https:\/\/api.w.org\/{rel}","templated":true}]}}