{"id":91690,"date":"2023-07-26T00:35:11","date_gmt":"2023-07-25T21:35:11","guid":{"rendered":"https:\/\/exlibris.ee\/toode\/wimmelposter-set-alltag-und-freizei\/"},"modified":"2026-04-04T03:11:46","modified_gmt":"2026-04-04T00:11:46","slug":"wimmelposter-set-alltag-und-freizei","status":"publish","type":"product","link":"https:\/\/exlibris.ee\/en\/product\/wimmelposter-set-alltag-und-freizei\/","title":{"rendered":"Wimmelposter-Set &#8220;Alltag und Freizei"},"content":{"rendered":"<p>Die Wimmelposter zu &#8220;Meine Welt auf Deutsch&#8221; bieten vielf\u00e4ltige Erz\u00e4hlanl\u00e4sse f\u00fcr den Unterricht. Jedes Posterset beinhaltet zus\u00e4tzlich wiederabl\u00f6sbare und beschriftbare Klebepfeile zum Markieren einzelner Szenen auf den Wimmelpostern.<\/p>\n","protected":false},"excerpt":{"rendered":"<p>Die Wimmelposter zu &#8220;Meine Welt auf Deutsch&#8221; bieten vielf\u00e4ltige Erz\u00e4hlanl\u00e4sse f\u00fcr den Unterricht. Jedes Posterset beinhaltet zus\u00e4tzlich wiederabl\u00f6sbare und beschriftbare Klebepfeile zum Markieren einzelner Szenen auf den Wimmelpostern.<\/p>\n","protected":false},"featured_media":91465,"template":"","meta":{"_acf_changed":false,"inline_featured_image":false},"product_brand":[],"product_cat":[884],"product_tag":[],"series":[{"id":923,"name":"Meine Welt auf Deutsch","slug":"meine-welt-auf-deutsch"}],"publisher":[{"id":473,"name":"Klett Verlag","slug":"klett-verlag"}],"class_list":{"0":"post-91690","1":"product","2":"type-product","3":"status-publish","4":"has-post-thumbnail","6":"product_cat-wortschatz","7":"series-meine-welt-auf-deutsch","8":"publisher-klett-verlag","10":"first","11":"onbackorder","12":"taxable","13":"shipping-taxable","14":"purchasable","15":"product-type-simple"},"acf":[],"_links":{"self":[{"href":"https:\/\/exlibris.ee\/en\/wp-json\/wp\/v2\/product\/91690","targetHints":{"allow":["GET"]}}],"collection":[{"href":"https:\/\/exlibris.ee\/en\/wp-json\/wp\/v2\/product"}],"about":[{"href":"https:\/\/exlibris.ee\/en\/wp-json\/wp\/v2\/types\/product"}],"wp:featuredmedia":[{"embeddable":true,"href":"https:\/\/exlibris.ee\/en\/wp-json\/wp\/v2\/media\/91465"}],"wp:attachment":[{"href":"https:\/\/exlibris.ee\/en\/wp-json\/wp\/v2\/media?parent=91690"}],"wp:term":[{"taxonomy":"product_brand","embeddable":true,"href":"https:\/\/exlibris.ee\/en\/wp-json\/wp\/v2\/product_brand?post=91690"},{"taxonomy":"product_cat","embeddable":true,"href":"https:\/\/exlibris.ee\/en\/wp-json\/wp\/v2\/product_cat?post=91690"},{"taxonomy":"product_tag","embeddable":true,"href":"https:\/\/exlibris.ee\/en\/wp-json\/wp\/v2\/product_tag?post=91690"},{"taxonomy":"series","embeddable":true,"href":"https:\/\/exlibris.ee\/en\/wp-json\/wp\/v2\/series?post=91690"},{"taxonomy":"publisher","embeddable":true,"href":"https:\/\/exlibris.ee\/en\/wp-json\/wp\/v2\/publisher?post=91690"}],"curies":[{"name":"wp","href":"https:\/\/api.w.org\/{rel}","templated":true}]}}